{"id":15,"date":"2026-01-03T19:14:58","date_gmt":"2026-01-03T19:14:58","guid":{"rendered":"https:\/\/www.mikoflower.com\/?page_id=15"},"modified":"2026-04-14T17:10:43","modified_gmt":"2026-04-14T17:10:43","slug":"o-nas","status":"publish","type":"page","link":"https:\/\/www.mikoflower.com\/index.php\/o-nas\/","title":{"rendered":"O Nas"},"content":{"rendered":"\n<div class=\"wp-block-cover\"><img loading=\"lazy\" decoding=\"async\" width=\"1024\" height=\"683\" class=\"wp-block-cover__image-background wp-image-59 size-large\" alt=\"\" src=\"https:\/\/www.mikoflower.com\/wp-content\/uploads\/2026\/01\/IMG-20251113-WA0425-1024x683.jpg\" data-object-fit=\"cover\" srcset=\"https:\/\/www.mikoflower.com\/wp-content\/uploads\/2026\/01\/IMG-20251113-WA0425-1024x683.jpg 1024w, https:\/\/www.mikoflower.com\/wp-content\/uploads\/2026\/01\/IMG-20251113-WA0425-416x277.jpg 416w, https:\/\/www.mikoflower.com\/wp-content\/uploads\/2026\/01\/IMG-20251113-WA0425-300x200.jpg 300w, https:\/\/www.mikoflower.com\/wp-content\/uploads\/2026\/01\/IMG-20251113-WA0425-768x512.jpg 768w, https:\/\/www.mikoflower.com\/wp-content\/uploads\/2026\/01\/IMG-20251113-WA0425.jpg 1375w\" sizes=\"auto, (max-width: 1024px) 100vw, 1024px\" \/><span aria-hidden=\"true\" class=\"wp-block-cover__background has-background-dim\" style=\"background-color:#6b5859\"><\/span><div class=\"wp-block-cover__inner-container is-layout-constrained wp-block-cover-is-layout-constrained\">\n<p><\/p>\n\n\n\n<p><\/p>\n\n\n\n<p class=\"has-text-align-center has-normal-font-size\" style=\"border-top-left-radius:29px;border-top-right-radius:29px;border-bottom-left-radius:29px;border-bottom-right-radius:29px\">Witaj w naszej kwiaciarni! Od lat tworzymy wyj\u0105tkowe kompozycje kwiatowe i w\u0142asne \u015bwiece sojowe MikoCandle. Ka\u017cdy produkt powstaje z pasj\u0105 i dba\u0142o\u015bci\u0105 o szczeg\u00f3\u0142y.<\/p>\n<\/div><\/div>\n\n\n\n<div class=\"wp-block-columns is-layout-flex wp-container-core-columns-is-layout-28f84493 wp-block-columns-is-layout-flex\">\n<div class=\"wp-block-column is-layout-flow wp-block-column-is-layout-flow\">\n<p><\/p>\n\n\n\n<p class=\"has-text-align-center has-medium-font-size\"><strong>\ud83c\udfe1 Domowa atmosfera<\/strong><br>Dbamy o ciep\u0142o, naturalno\u015b\u0107 i przyjazn\u0105 przestrze\u0144 \u2013 chcemy, \u017ceby ka\u017cdy klient poczu\u0142 si\u0119 u nas jak w domu.<\/p>\n<\/div>\n\n\n\n<div class=\"wp-block-column is-layout-flow wp-block-column-is-layout-flow\">\n<p><\/p>\n\n\n\n<p class=\"has-text-align-center has-medium-font-size\"><strong>\ud83d\udc9b Serce i pasja<\/strong><br>Kwiaty i \u015bwiece MikoCandle powstaj\u0105 z mi\u0142o\u015bci do detali \u2014 od wyboru ro\u015blin po r\u0119czne wykonanie \u015bwiec.<\/p>\n<\/div>\n\n\n\n<div class=\"wp-block-column is-layout-flow wp-block-column-is-layout-flow\">\n<p><\/p>\n\n\n\n<p class=\"has-text-align-center has-medium-font-size\"><strong>\ud83c\udf37 Rado\u015b\u0107 w ka\u017cdym bukiecie<\/strong><br>Ka\u017cdy bukiet tworzymy z my\u015bl\u0105 o tym, by wywo\u0142a\u0107 u\u015bmiech i sprawi\u0107, \u017ce chwile bliskich b\u0119d\u0105 pi\u0119kniejsze.<\/p>\n<\/div>\n<\/div>\n\n\n\n<div class=\"wp-block-group is-nowrap is-layout-flex wp-container-core-group-is-layout-6c531013 wp-block-group-is-layout-flex\">\n<div class=\"wp-block-group\"><div class=\"wp-block-group__inner-container is-layout-constrained wp-block-group-is-layout-constrained\">\n<div class=\"wp-block-group\"><div class=\"wp-block-group__inner-container is-layout-constrained wp-block-group-is-layout-constrained\">\n<figure class=\"wp-block-gallery has-nested-images columns-default is-cropped wp-block-gallery-1 is-layout-flex wp-block-gallery-is-layout-flex\">\n<figure class=\"wp-block-image size-large is-resized\"><img loading=\"lazy\" decoding=\"async\" width=\"683\" height=\"1024\" data-id=\"653\" src=\"https:\/\/www.mikoflower.com\/wp-content\/uploads\/2026\/04\/aafd273e944c38b359db70d80e137aa5-1-683x1024.jpeg\" alt=\"\" class=\"wp-image-653\" style=\"width:247px;height:auto\" srcset=\"https:\/\/www.mikoflower.com\/wp-content\/uploads\/2026\/04\/aafd273e944c38b359db70d80e137aa5-1-683x1024.jpeg 683w, https:\/\/www.mikoflower.com\/wp-content\/uploads\/2026\/04\/aafd273e944c38b359db70d80e137aa5-1-200x300.jpeg 200w, https:\/\/www.mikoflower.com\/wp-content\/uploads\/2026\/04\/aafd273e944c38b359db70d80e137aa5-1-768x1152.jpeg 768w, https:\/\/www.mikoflower.com\/wp-content\/uploads\/2026\/04\/aafd273e944c38b359db70d80e137aa5-1-1024x1536.jpeg 1024w, https:\/\/www.mikoflower.com\/wp-content\/uploads\/2026\/04\/aafd273e944c38b359db70d80e137aa5-1-416x624.jpeg 416w, https:\/\/www.mikoflower.com\/wp-content\/uploads\/2026\/04\/aafd273e944c38b359db70d80e137aa5-1.jpeg 1365w\" sizes=\"auto, (max-width: 683px) 100vw, 683px\" \/><\/figure>\n\n\n\n<figure class=\"wp-block-image size-large is-resized\"><img loading=\"lazy\" decoding=\"async\" width=\"768\" height=\"1024\" data-id=\"650\" src=\"https:\/\/www.mikoflower.com\/wp-content\/uploads\/2026\/04\/01c5e780-c47c-4703-9155-8d7eda016b53-768x1024.jpeg\" alt=\"\" class=\"wp-image-650\" style=\"width:250px;height:auto\" srcset=\"https:\/\/www.mikoflower.com\/wp-content\/uploads\/2026\/04\/01c5e780-c47c-4703-9155-8d7eda016b53-768x1024.jpeg 768w, https:\/\/www.mikoflower.com\/wp-content\/uploads\/2026\/04\/01c5e780-c47c-4703-9155-8d7eda016b53-225x300.jpeg 225w, https:\/\/www.mikoflower.com\/wp-content\/uploads\/2026\/04\/01c5e780-c47c-4703-9155-8d7eda016b53-1152x1536.jpeg 1152w, https:\/\/www.mikoflower.com\/wp-content\/uploads\/2026\/04\/01c5e780-c47c-4703-9155-8d7eda016b53-416x555.jpeg 416w, https:\/\/www.mikoflower.com\/wp-content\/uploads\/2026\/04\/01c5e780-c47c-4703-9155-8d7eda016b53.jpeg 1200w\" sizes=\"auto, (max-width: 768px) 100vw, 768px\" \/><\/figure>\n\n\n\n<figure class=\"wp-block-image size-large is-resized\"><img loading=\"lazy\" decoding=\"async\" width=\"768\" height=\"1024\" data-id=\"651\" src=\"https:\/\/www.mikoflower.com\/wp-content\/uploads\/2026\/04\/2a94c3e1-0879-4b42-a4d7-8c04dd0e9896-768x1024.jpeg\" alt=\"\" class=\"wp-image-651\" style=\"width:272px;height:auto\" srcset=\"https:\/\/www.mikoflower.com\/wp-content\/uploads\/2026\/04\/2a94c3e1-0879-4b42-a4d7-8c04dd0e9896-768x1024.jpeg 768w, https:\/\/www.mikoflower.com\/wp-content\/uploads\/2026\/04\/2a94c3e1-0879-4b42-a4d7-8c04dd0e9896-225x300.jpeg 225w, https:\/\/www.mikoflower.com\/wp-content\/uploads\/2026\/04\/2a94c3e1-0879-4b42-a4d7-8c04dd0e9896-1152x1536.jpeg 1152w, https:\/\/www.mikoflower.com\/wp-content\/uploads\/2026\/04\/2a94c3e1-0879-4b42-a4d7-8c04dd0e9896-416x555.jpeg 416w, https:\/\/www.mikoflower.com\/wp-content\/uploads\/2026\/04\/2a94c3e1-0879-4b42-a4d7-8c04dd0e9896.jpeg 1200w\" sizes=\"auto, (max-width: 768px) 100vw, 768px\" \/><\/figure>\n<\/figure>\n<\/div><\/div>\n<\/div><\/div>\n<\/div>\n\n\n\n<figure class=\"wp-block-gallery aligncenter has-nested-images columns-3 is-cropped wp-block-gallery-2 is-layout-flex wp-block-gallery-is-layout-flex\" style=\"border-style:none;border-width:0px\">\n<figure class=\"wp-block-image size-large\"><img loading=\"lazy\" decoding=\"async\" width=\"683\" height=\"1024\" data-id=\"66\" src=\"https:\/\/www.mikoflower.com\/wp-content\/uploads\/2026\/01\/IMG-20251113-WA0416-1-683x1024.jpg\" alt=\"\" class=\"wp-image-66\" style=\"aspect-ratio:2\/3\" srcset=\"https:\/\/www.mikoflower.com\/wp-content\/uploads\/2026\/01\/IMG-20251113-WA0416-1-683x1024.jpg 683w, https:\/\/www.mikoflower.com\/wp-content\/uploads\/2026\/01\/IMG-20251113-WA0416-1-416x624.jpg 416w, https:\/\/www.mikoflower.com\/wp-content\/uploads\/2026\/01\/IMG-20251113-WA0416-1-200x300.jpg 200w, https:\/\/www.mikoflower.com\/wp-content\/uploads\/2026\/01\/IMG-20251113-WA0416-1-768x1152.jpg 768w, https:\/\/www.mikoflower.com\/wp-content\/uploads\/2026\/01\/IMG-20251113-WA0416-1.jpg 960w\" sizes=\"auto, (max-width: 683px) 100vw, 683px\" \/><\/figure>\n\n\n\n<figure class=\"wp-block-image size-large\"><img loading=\"lazy\" decoding=\"async\" width=\"683\" height=\"1024\" data-id=\"62\" src=\"https:\/\/www.mikoflower.com\/wp-content\/uploads\/2026\/01\/IMG-20251113-WA0426-683x1024.jpg\" alt=\"\" class=\"wp-image-62\" srcset=\"https:\/\/www.mikoflower.com\/wp-content\/uploads\/2026\/01\/IMG-20251113-WA0426-683x1024.jpg 683w, https:\/\/www.mikoflower.com\/wp-content\/uploads\/2026\/01\/IMG-20251113-WA0426-416x624.jpg 416w, https:\/\/www.mikoflower.com\/wp-content\/uploads\/2026\/01\/IMG-20251113-WA0426-200x300.jpg 200w, https:\/\/www.mikoflower.com\/wp-content\/uploads\/2026\/01\/IMG-20251113-WA0426-768x1152.jpg 768w, https:\/\/www.mikoflower.com\/wp-content\/uploads\/2026\/01\/IMG-20251113-WA0426.jpg 960w\" sizes=\"auto, (max-width: 683px) 100vw, 683px\" \/><\/figure>\n\n\n\n<figure class=\"wp-block-image size-large\"><img loading=\"lazy\" decoding=\"async\" width=\"682\" height=\"1024\" data-id=\"63\" src=\"https:\/\/www.mikoflower.com\/wp-content\/uploads\/2026\/01\/IMG-20251113-WA0418-682x1024.jpg\" alt=\"\" class=\"wp-image-63\" srcset=\"https:\/\/www.mikoflower.com\/wp-content\/uploads\/2026\/01\/IMG-20251113-WA0418-682x1024.jpg 682w, https:\/\/www.mikoflower.com\/wp-content\/uploads\/2026\/01\/IMG-20251113-WA0418-416x624.jpg 416w, https:\/\/www.mikoflower.com\/wp-content\/uploads\/2026\/01\/IMG-20251113-WA0418-200x300.jpg 200w, https:\/\/www.mikoflower.com\/wp-content\/uploads\/2026\/01\/IMG-20251113-WA0418-768x1153.jpg 768w, https:\/\/www.mikoflower.com\/wp-content\/uploads\/2026\/01\/IMG-20251113-WA0418-1023x1536.jpg 1023w, https:\/\/www.mikoflower.com\/wp-content\/uploads\/2026\/01\/IMG-20251113-WA0418.jpg 1066w\" sizes=\"auto, (max-width: 682px) 100vw, 682px\" \/><\/figure>\n<\/figure>\n\n\n\n<p class=\"has-text-align-center has-medium-font-size\">Kwiaciarnia Mikoflower z ponad 30 &#8211; letnim do\u015bwiadczeniem \ud83d\udc90 Kwiaty i \u015bwiece sojowe w\u0142asnej produkcji!<br>Zb\u0105szynek | Kwiatomat 24\/7 \ud83c\udf37 Dostawa kwiat\u00f3w i wyj\u0105tkowe kompozycje od Zespo\u0142u Florystek pe\u0142nego pasji, pomys\u0142\u00f3w &#8211; to w\u0142a\u015bnie Serce Mikoflower\ud83c\udf3f<\/p>\n\n\n\n<p><\/p>\n","protected":false},"excerpt":{"rendered":"<p>\ud83c\udfe1 Domowa atmosferaDbamy o ciep\u0142o, naturalno\u015b\u0107 i przyjazn\u0105 przestrze\u0144 \u2013 chcemy, \u017ceby ka\u017cdy klient poczu\u0142 si\u0119 u nas jak w domu. \ud83d\udc9b Serce i pasjaKwiaty i \u015bwiece MikoCandle powstaj\u0105 z mi\u0142o\u015bci do detali \u2014 od wyboru ro\u015blin po r\u0119czne wykonanie \u015bwiec. \ud83c\udf37 Rado\u015b\u0107 w ka\u017cdym bukiecieKa\u017cdy bukiet tworzymy z my\u015bl\u0105 o tym, by wywo\u0142a\u0107 u\u015bmiech [&hellip;]<\/p>\n","protected":false},"author":1,"featured_media":0,"parent":0,"menu_order":0,"comment_status":"closed","ping_status":"closed","template":"","meta":{"footnotes":""},"class_list":["post-15","page","type-page","status-publish","hentry"],"jetpack_sharing_enabled":true,"_links":{"self":[{"href":"https:\/\/www.mikoflower.com\/index.php\/wp-json\/wp\/v2\/pages\/15","targetHints":{"allow":["GET"]}}],"collection":[{"href":"https:\/\/www.mikoflower.com\/index.php\/wp-json\/wp\/v2\/pages"}],"about":[{"href":"https:\/\/www.mikoflower.com\/index.php\/wp-json\/wp\/v2\/types\/page"}],"author":[{"embeddable":true,"href":"https:\/\/www.mikoflower.com\/index.php\/wp-json\/wp\/v2\/users\/1"}],"replies":[{"embeddable":true,"href":"https:\/\/www.mikoflower.com\/index.php\/wp-json\/wp\/v2\/comments?post=15"}],"version-history":[{"count":7,"href":"https:\/\/www.mikoflower.com\/index.php\/wp-json\/wp\/v2\/pages\/15\/revisions"}],"predecessor-version":[{"id":657,"href":"https:\/\/www.mikoflower.com\/index.php\/wp-json\/wp\/v2\/pages\/15\/revisions\/657"}],"wp:attachment":[{"href":"https:\/\/www.mikoflower.com\/index.php\/wp-json\/wp\/v2\/media?parent=15"}],"curies":[{"name":"wp","href":"https:\/\/api.w.org\/{rel}","templated":true}]}}