{"id":198,"date":"2026-02-08T19:37:11","date_gmt":"2026-02-08T19:37:11","guid":{"rendered":"https:\/\/www.mikoflower.com\/?post_type=product&#038;p=198"},"modified":"2026-04-07T18:06:15","modified_gmt":"2026-04-07T18:06:15","slug":"100-uczuc","status":"publish","type":"product","link":"https:\/\/www.mikoflower.com\/index.php\/produkt\/100-uczuc\/","title":{"rendered":"100% Uczu\u0107"},"content":{"rendered":"<p>Koszt przesy\u0142ki zostanie dodany po wpisaniu kodu pocztowego w realizacji zam\u00f3wienia.<\/p>\n","protected":false},"excerpt":{"rendered":"<p><span data-sheets-root=\"1\">Kosz ze 100 r\u00f3\u017c to wyrazisty gest i mocna forma klasycznej elegancji. Starannie u\u0142o\u017cone, \u015bwie\u017ce r\u00f3\u017ce tworz\u0105 pe\u0142n\u0105, efektown\u0105 kompozycj\u0119, kt\u00f3ra robi wra\u017cenie od pierwszego spojrzenia. Idealny wyb\u00f3r na wa\u017cne okazje, kiedy chcesz powiedzie\u0107 wi\u0119cej ni\u017c s\u0142owami.<\/span><\/p>\n","protected":false},"featured_media":199,"comment_status":"open","ping_status":"closed","template":"","meta":[],"product_brand":[],"product_cat":[25,27],"product_tag":[],"class_list":{"0":"post-198","1":"product","2":"type-product","3":"status-publish","4":"has-post-thumbnail","6":"product_cat-flower-boxy","7":"product_cat-kwiaty","8":"product_shipping_class-lekkie","10":"first","11":"instock","12":"purchasable","13":"product-type-variable"},"jetpack_sharing_enabled":true,"_links":{"self":[{"href":"https:\/\/www.mikoflower.com\/index.php\/wp-json\/wp\/v2\/product\/198","targetHints":{"allow":["GET"]}}],"collection":[{"href":"https:\/\/www.mikoflower.com\/index.php\/wp-json\/wp\/v2\/product"}],"about":[{"href":"https:\/\/www.mikoflower.com\/index.php\/wp-json\/wp\/v2\/types\/product"}],"replies":[{"embeddable":true,"href":"https:\/\/www.mikoflower.com\/index.php\/wp-json\/wp\/v2\/comments?post=198"}],"wp:featuredmedia":[{"embeddable":true,"href":"https:\/\/www.mikoflower.com\/index.php\/wp-json\/wp\/v2\/media\/199"}],"wp:attachment":[{"href":"https:\/\/www.mikoflower.com\/index.php\/wp-json\/wp\/v2\/media?parent=198"}],"wp:term":[{"taxonomy":"product_brand","embeddable":true,"href":"https:\/\/www.mikoflower.com\/index.php\/wp-json\/wp\/v2\/product_brand?post=198"},{"taxonomy":"product_cat","embeddable":true,"href":"https:\/\/www.mikoflower.com\/index.php\/wp-json\/wp\/v2\/product_cat?post=198"},{"taxonomy":"product_tag","embeddable":true,"href":"https:\/\/www.mikoflower.com\/index.php\/wp-json\/wp\/v2\/product_tag?post=198"}],"curies":[{"name":"wp","href":"https:\/\/api.w.org\/{rel}","templated":true}]}}