{"id":241,"date":"2026-02-09T19:15:38","date_gmt":"2026-02-09T19:15:38","guid":{"rendered":"https:\/\/www.mikoflower.com\/?post_type=product&#038;p=241"},"modified":"2026-04-22T08:02:41","modified_gmt":"2026-04-22T08:02:41","slug":"sweet-orange-cinnamon-300g","status":"publish","type":"product","link":"https:\/\/www.mikoflower.com\/index.php\/produkt\/sweet-orange-cinnamon-300g\/","title":{"rendered":"\u015awieca sojowa Sweet Orange &#038; Cinnamon 300g"},"content":{"rendered":"","protected":false},"excerpt":{"rendered":"<p><span data-sheets-root=\"1\">Sweet Orange &amp; Cinnamon \u2013 \u015bwieca 300 g | czas palenia ok. 60 h<br \/>\nEnergetyczny, ciep\u0142y zapach, kt\u00f3ry od razu poprawia nastr\u00f3j. Soczysta pomara\u0144cza i limonka otwieraj\u0105 kompozycj\u0119 \u015bwie\u017co i rado\u015bnie, a cynamon i przyprawy dodaj\u0105 jej charakteru. W tle pojawia si\u0119 s\u0142odycz wanilii i cukru, tworz\u0105c przytulny, apetyczny aromat. Du\u017ca \u015bwieca idealna do salonu, na ch\u0142odne wieczory oraz wsz\u0119dzie tam, gdzie chcesz poczu\u0107 domowe ciep\u0142o.<\/span><\/p>\n<p><span style=\"font-weight: 400;\">\u015awieca trafia do Ciebie zapakowana w nasz oryginalny kartonik z zapa\u0142kami w \u015brodku.<\/span><\/p>\n","protected":false},"featured_media":728,"comment_status":"open","ping_status":"closed","template":"","meta":[],"product_brand":[31],"product_cat":[20],"product_tag":[],"class_list":{"0":"post-241","1":"product","2":"type-product","3":"status-publish","4":"has-post-thumbnail","6":"product_brand-mikocandle","7":"product_cat-swiece-sojowe","8":"product_shipping_class-swiece","10":"first","11":"instock","12":"featured","13":"purchasable","14":"product-type-simple"},"jetpack_sharing_enabled":true,"_links":{"self":[{"href":"https:\/\/www.mikoflower.com\/index.php\/wp-json\/wp\/v2\/product\/241","targetHints":{"allow":["GET"]}}],"collection":[{"href":"https:\/\/www.mikoflower.com\/index.php\/wp-json\/wp\/v2\/product"}],"about":[{"href":"https:\/\/www.mikoflower.com\/index.php\/wp-json\/wp\/v2\/types\/product"}],"replies":[{"embeddable":true,"href":"https:\/\/www.mikoflower.com\/index.php\/wp-json\/wp\/v2\/comments?post=241"}],"wp:featuredmedia":[{"embeddable":true,"href":"https:\/\/www.mikoflower.com\/index.php\/wp-json\/wp\/v2\/media\/728"}],"wp:attachment":[{"href":"https:\/\/www.mikoflower.com\/index.php\/wp-json\/wp\/v2\/media?parent=241"}],"wp:term":[{"taxonomy":"product_brand","embeddable":true,"href":"https:\/\/www.mikoflower.com\/index.php\/wp-json\/wp\/v2\/product_brand?post=241"},{"taxonomy":"product_cat","embeddable":true,"href":"https:\/\/www.mikoflower.com\/index.php\/wp-json\/wp\/v2\/product_cat?post=241"},{"taxonomy":"product_tag","embeddable":true,"href":"https:\/\/www.mikoflower.com\/index.php\/wp-json\/wp\/v2\/product_tag?post=241"}],"curies":[{"name":"wp","href":"https:\/\/api.w.org\/{rel}","templated":true}]}}