{"id":316,"date":"2026-03-25T17:47:49","date_gmt":"2026-03-25T17:47:49","guid":{"rendered":"https:\/\/www.mikoflower.com\/?post_type=product&#038;p=316"},"modified":"2026-04-07T18:18:51","modified_gmt":"2026-04-07T18:18:51","slug":"z-potrzeby-serca","status":"publish","type":"product","link":"https:\/\/www.mikoflower.com\/index.php\/produkt\/z-potrzeby-serca\/","title":{"rendered":"Z potrzeby serca"},"content":{"rendered":"<p>Dost\u0119pno\u015b\u0107 ca\u0142y rok z wy\u0142\u0105czeniem Lipca i Sierpnia.<\/p>\n<p>Koszt przesy\u0142ki zostanie dodany po wpisaniu kodu pocztowego w realizacji zam\u00f3wienia.<\/p>\n","protected":false},"excerpt":{"rendered":"<p>Bukiet stworzony z my\u015bl\u0105 o chwili zatrzymania. Naturalne kolory i klasyczne kwiaty \u0142\u0105cz\u0105 si\u0119 tu w lekk\u0105, harmonijn\u0105 ca\u0142o\u015b\u0107, kt\u00f3ra pasuje na ka\u017cd\u0105 okazj\u0119 albo bez niej. Idealny wtedy, gdy chce si\u0119 zrobi\u0107 co\u015b dobrego i po prostu sprawi\u0107 komu\u015b mi\u0142y moment.<\/p>\n","protected":false},"featured_media":500,"comment_status":"open","ping_status":"closed","template":"","meta":[],"product_brand":[],"product_cat":[28,27],"product_tag":[],"class_list":{"0":"post-316","1":"product","2":"type-product","3":"status-publish","4":"has-post-thumbnail","6":"product_cat-bukiety","7":"product_cat-kwiaty","8":"product_shipping_class-lekkie","10":"first","11":"instock","12":"shipping-taxable","13":"purchasable","14":"product-type-variable"},"jetpack_sharing_enabled":true,"_links":{"self":[{"href":"https:\/\/www.mikoflower.com\/index.php\/wp-json\/wp\/v2\/product\/316","targetHints":{"allow":["GET"]}}],"collection":[{"href":"https:\/\/www.mikoflower.com\/index.php\/wp-json\/wp\/v2\/product"}],"about":[{"href":"https:\/\/www.mikoflower.com\/index.php\/wp-json\/wp\/v2\/types\/product"}],"replies":[{"embeddable":true,"href":"https:\/\/www.mikoflower.com\/index.php\/wp-json\/wp\/v2\/comments?post=316"}],"wp:featuredmedia":[{"embeddable":true,"href":"https:\/\/www.mikoflower.com\/index.php\/wp-json\/wp\/v2\/media\/500"}],"wp:attachment":[{"href":"https:\/\/www.mikoflower.com\/index.php\/wp-json\/wp\/v2\/media?parent=316"}],"wp:term":[{"taxonomy":"product_brand","embeddable":true,"href":"https:\/\/www.mikoflower.com\/index.php\/wp-json\/wp\/v2\/product_brand?post=316"},{"taxonomy":"product_cat","embeddable":true,"href":"https:\/\/www.mikoflower.com\/index.php\/wp-json\/wp\/v2\/product_cat?post=316"},{"taxonomy":"product_tag","embeddable":true,"href":"https:\/\/www.mikoflower.com\/index.php\/wp-json\/wp\/v2\/product_tag?post=316"}],"curies":[{"name":"wp","href":"https:\/\/api.w.org\/{rel}","templated":true}]}}