{"id":355,"date":"2026-03-25T17:50:23","date_gmt":"2026-03-25T17:50:23","guid":{"rendered":"https:\/\/www.mikoflower.com\/?post_type=product&#038;p=355"},"modified":"2026-04-07T18:08:07","modified_gmt":"2026-04-07T18:08:07","slug":"slonce-w-dloniach","status":"publish","type":"product","link":"https:\/\/www.mikoflower.com\/index.php\/produkt\/slonce-w-dloniach\/","title":{"rendered":"S\u0142o\u0144ce w d\u0142oniach"},"content":{"rendered":"<p>Dost\u0119pno\u015b\u0107 ca\u0142y rok.<\/p>\n<p>Koszt przesy\u0142ki zostanie dodany po wpisaniu kodu pocztowego w realizacji zam\u00f3wienia.<\/p>\n","protected":false},"excerpt":{"rendered":"<p>Pe\u0142en ciep\u0142ych kolor\u00f3w bukiet, kt\u00f3ry od razu poprawia nastr\u00f3j. Soczyste odcienie \u017c\u00f3\u0142ci i pomara\u0144czy tworz\u0105 lekk\u0105, radosn\u0105 kompozycj\u0119, idealn\u0105 na drobny gest, spontaniczny prezent albo po prostu na dobry dzie\u0144.<\/p>\n","protected":false},"featured_media":334,"comment_status":"open","ping_status":"closed","template":"","meta":[],"product_brand":[],"product_cat":[28,27],"product_tag":[],"class_list":{"0":"post-355","1":"product","2":"type-product","3":"status-publish","4":"has-post-thumbnail","6":"product_cat-bukiety","7":"product_cat-kwiaty","8":"product_shipping_class-lekkie","10":"first","11":"instock","12":"shipping-taxable","13":"purchasable","14":"product-type-variable"},"jetpack_sharing_enabled":true,"_links":{"self":[{"href":"https:\/\/www.mikoflower.com\/index.php\/wp-json\/wp\/v2\/product\/355","targetHints":{"allow":["GET"]}}],"collection":[{"href":"https:\/\/www.mikoflower.com\/index.php\/wp-json\/wp\/v2\/product"}],"about":[{"href":"https:\/\/www.mikoflower.com\/index.php\/wp-json\/wp\/v2\/types\/product"}],"replies":[{"embeddable":true,"href":"https:\/\/www.mikoflower.com\/index.php\/wp-json\/wp\/v2\/comments?post=355"}],"wp:featuredmedia":[{"embeddable":true,"href":"https:\/\/www.mikoflower.com\/index.php\/wp-json\/wp\/v2\/media\/334"}],"wp:attachment":[{"href":"https:\/\/www.mikoflower.com\/index.php\/wp-json\/wp\/v2\/media?parent=355"}],"wp:term":[{"taxonomy":"product_brand","embeddable":true,"href":"https:\/\/www.mikoflower.com\/index.php\/wp-json\/wp\/v2\/product_brand?post=355"},{"taxonomy":"product_cat","embeddable":true,"href":"https:\/\/www.mikoflower.com\/index.php\/wp-json\/wp\/v2\/product_cat?post=355"},{"taxonomy":"product_tag","embeddable":true,"href":"https:\/\/www.mikoflower.com\/index.php\/wp-json\/wp\/v2\/product_tag?post=355"}],"curies":[{"name":"wp","href":"https:\/\/api.w.org\/{rel}","templated":true}]}}