{"id":367,"date":"2026-03-25T19:18:00","date_gmt":"2026-03-25T19:18:00","guid":{"rendered":"https:\/\/www.mikoflower.com\/?post_type=product&#038;p=367"},"modified":"2026-04-07T18:10:47","modified_gmt":"2026-04-07T18:10:47","slug":"tam-gdzie-zaczyna-sie-lato","status":"publish","type":"product","link":"https:\/\/www.mikoflower.com\/index.php\/produkt\/tam-gdzie-zaczyna-sie-lato\/","title":{"rendered":"Tam, gdzie zaczyna si\u0119 lato"},"content":{"rendered":"<p>Dost\u0119pno\u015b\u0107 ca\u0142y rok opr\u00f3cz Listopada, Grudnia, Stycznia .<\/p>\n<p>Koszt przesy\u0142ki zostanie dodany po wpisaniu kodu pocztowego w realizacji zam\u00f3wienia.<\/p>\n","protected":false},"excerpt":{"rendered":"<p>Wyrazisty, pe\u0142en s\u0142o\u0144ca bukiet, kt\u00f3ry wnosi energi\u0119 i dobry nastr\u00f3j. Intensywne \u017c\u00f3\u0142cie po\u0142\u0105czone z \u017cywymi akcentami zieleni i r\u00f3\u017cu tworz\u0105 radosn\u0105 kompozycj\u0119, idealn\u0105 na prezent, kt\u00f3ry ma roz\u015bwietli\u0107 dzie\u0144 i doda\u0107 si\u0142.<\/p>\n","protected":false},"featured_media":335,"comment_status":"open","ping_status":"closed","template":"","meta":[],"product_brand":[],"product_cat":[28,27],"product_tag":[],"class_list":{"0":"post-367","1":"product","2":"type-product","3":"status-publish","4":"has-post-thumbnail","6":"product_cat-bukiety","7":"product_cat-kwiaty","8":"product_shipping_class-lekkie","10":"first","11":"instock","12":"shipping-taxable","13":"purchasable","14":"product-type-variable","15":"has-default-attributes"},"jetpack_sharing_enabled":true,"_links":{"self":[{"href":"https:\/\/www.mikoflower.com\/index.php\/wp-json\/wp\/v2\/product\/367","targetHints":{"allow":["GET"]}}],"collection":[{"href":"https:\/\/www.mikoflower.com\/index.php\/wp-json\/wp\/v2\/product"}],"about":[{"href":"https:\/\/www.mikoflower.com\/index.php\/wp-json\/wp\/v2\/types\/product"}],"replies":[{"embeddable":true,"href":"https:\/\/www.mikoflower.com\/index.php\/wp-json\/wp\/v2\/comments?post=367"}],"wp:featuredmedia":[{"embeddable":true,"href":"https:\/\/www.mikoflower.com\/index.php\/wp-json\/wp\/v2\/media\/335"}],"wp:attachment":[{"href":"https:\/\/www.mikoflower.com\/index.php\/wp-json\/wp\/v2\/media?parent=367"}],"wp:term":[{"taxonomy":"product_brand","embeddable":true,"href":"https:\/\/www.mikoflower.com\/index.php\/wp-json\/wp\/v2\/product_brand?post=367"},{"taxonomy":"product_cat","embeddable":true,"href":"https:\/\/www.mikoflower.com\/index.php\/wp-json\/wp\/v2\/product_cat?post=367"},{"taxonomy":"product_tag","embeddable":true,"href":"https:\/\/www.mikoflower.com\/index.php\/wp-json\/wp\/v2\/product_tag?post=367"}],"curies":[{"name":"wp","href":"https:\/\/api.w.org\/{rel}","templated":true}]}}