{"id":418,"date":"2026-04-07T15:25:08","date_gmt":"2026-04-07T15:25:08","guid":{"rendered":"https:\/\/www.mikoflower.com\/?post_type=product&#038;p=418"},"modified":"2026-04-07T15:25:55","modified_gmt":"2026-04-07T15:25:55","slug":"pastelowa-elegancja","status":"publish","type":"product","link":"https:\/\/www.mikoflower.com\/index.php\/produkt\/pastelowa-elegancja\/","title":{"rendered":"Pastelowa elegancja"},"content":{"rendered":"<p>Koszt przesy\u0142ki zostanie dodany po wpisaniu kodu pocztowego w realizacji zam\u00f3wienia.<\/p>\n","protected":false},"excerpt":{"rendered":"<p>Ca\u0142o\u015b\u0107 zosta\u0142a osadzona w eleganckim naczyniu, kt\u00f3rego kszta\u0142t lub kolor mog\u0105 si\u0119 nieznacznie r\u00f3\u017cni\u0107 w zale\u017cno\u015bci od dost\u0119pno\u015bci. Pod\u0142o\u017ce wyko\u0144czone jest dekoracyjnymi elementami, kt\u00f3re podkre\u015blaj\u0105 charakter aran\u017cacji. To gotowa kompozycja ro\u015blinna, niewymagaj\u0105ca przesadzania ani dodatkowej oprawy. Sprawdzi si\u0119 zar\u00f3wno jako prezent, jak i trwa\u0142a dekoracja wn\u0119trza, do domu lub biura. Ka\u017cda kompozycja przygotowywana jest r\u0119cznie, dlatego mo\u017ce si\u0119 nieznacznie r\u00f3\u017cni\u0107, zachowuj\u0105c ten sam styl i jako\u015b\u0107 wykonania.<\/p>\n","protected":false},"featured_media":344,"comment_status":"open","ping_status":"closed","template":"","meta":[],"product_brand":[],"product_cat":[25,27],"product_tag":[],"class_list":{"0":"post-418","1":"product","2":"type-product","3":"status-publish","4":"has-post-thumbnail","6":"product_cat-flower-boxy","7":"product_cat-kwiaty","8":"product_shipping_class-lekkie","10":"first","11":"instock","12":"shipping-taxable","13":"purchasable","14":"product-type-variable"},"jetpack_sharing_enabled":true,"_links":{"self":[{"href":"https:\/\/www.mikoflower.com\/index.php\/wp-json\/wp\/v2\/product\/418","targetHints":{"allow":["GET"]}}],"collection":[{"href":"https:\/\/www.mikoflower.com\/index.php\/wp-json\/wp\/v2\/product"}],"about":[{"href":"https:\/\/www.mikoflower.com\/index.php\/wp-json\/wp\/v2\/types\/product"}],"replies":[{"embeddable":true,"href":"https:\/\/www.mikoflower.com\/index.php\/wp-json\/wp\/v2\/comments?post=418"}],"wp:featuredmedia":[{"embeddable":true,"href":"https:\/\/www.mikoflower.com\/index.php\/wp-json\/wp\/v2\/media\/344"}],"wp:attachment":[{"href":"https:\/\/www.mikoflower.com\/index.php\/wp-json\/wp\/v2\/media?parent=418"}],"wp:term":[{"taxonomy":"product_brand","embeddable":true,"href":"https:\/\/www.mikoflower.com\/index.php\/wp-json\/wp\/v2\/product_brand?post=418"},{"taxonomy":"product_cat","embeddable":true,"href":"https:\/\/www.mikoflower.com\/index.php\/wp-json\/wp\/v2\/product_cat?post=418"},{"taxonomy":"product_tag","embeddable":true,"href":"https:\/\/www.mikoflower.com\/index.php\/wp-json\/wp\/v2\/product_tag?post=418"}],"curies":[{"name":"wp","href":"https:\/\/api.w.org\/{rel}","templated":true}]}}