{"id":422,"date":"2026-04-07T15:29:09","date_gmt":"2026-04-07T15:29:09","guid":{"rendered":"https:\/\/www.mikoflower.com\/?post_type=product&#038;p=422"},"modified":"2026-04-07T16:23:10","modified_gmt":"2026-04-07T16:23:10","slug":"422","status":"publish","type":"product","link":"https:\/\/www.mikoflower.com\/index.php\/produkt\/422\/","title":{"rendered":"Rytm kolor\u00f3w"},"content":{"rendered":"<p>Koszt przesy\u0142ki zostanie dodany po wpisaniu kodu pocztowego w realizacji zam\u00f3wienia.<\/p>\n<p>Dost\u0119pno\u015b\u0107 : Ca\u0142y rok<\/p>\n","protected":false},"excerpt":{"rendered":"<p>Ten flowerbox to energetyczna, ale dobrze zbalansowana kompozycja pe\u0142na koloru i faktur. Jasne r\u00f3\u017ce, delikatne lilie, wyraziste akcenty w ciep\u0142ych odcieniach oraz drobne dodatki tworz\u0105 ca\u0142o\u015b\u0107, kt\u00f3ra przyci\u0105ga wzrok, a jednocze\u015bnie nie jest ci\u0119\u017cka. Ka\u017cdy element ma tu swoje miejsce, dzi\u0119ki czemu kompozycja wygl\u0105da naturalnie i bardzo \u015bwie\u017co.<\/p>\n","protected":false},"featured_media":345,"comment_status":"open","ping_status":"closed","template":"","meta":[],"product_brand":[],"product_cat":[25,27],"product_tag":[],"class_list":{"0":"post-422","1":"product","2":"type-product","3":"status-publish","4":"has-post-thumbnail","6":"product_cat-flower-boxy","7":"product_cat-kwiaty","8":"product_shipping_class-lekkie","10":"first","11":"instock","12":"shipping-taxable","13":"purchasable","14":"product-type-variable"},"jetpack_sharing_enabled":true,"_links":{"self":[{"href":"https:\/\/www.mikoflower.com\/index.php\/wp-json\/wp\/v2\/product\/422","targetHints":{"allow":["GET"]}}],"collection":[{"href":"https:\/\/www.mikoflower.com\/index.php\/wp-json\/wp\/v2\/product"}],"about":[{"href":"https:\/\/www.mikoflower.com\/index.php\/wp-json\/wp\/v2\/types\/product"}],"replies":[{"embeddable":true,"href":"https:\/\/www.mikoflower.com\/index.php\/wp-json\/wp\/v2\/comments?post=422"}],"wp:featuredmedia":[{"embeddable":true,"href":"https:\/\/www.mikoflower.com\/index.php\/wp-json\/wp\/v2\/media\/345"}],"wp:attachment":[{"href":"https:\/\/www.mikoflower.com\/index.php\/wp-json\/wp\/v2\/media?parent=422"}],"wp:term":[{"taxonomy":"product_brand","embeddable":true,"href":"https:\/\/www.mikoflower.com\/index.php\/wp-json\/wp\/v2\/product_brand?post=422"},{"taxonomy":"product_cat","embeddable":true,"href":"https:\/\/www.mikoflower.com\/index.php\/wp-json\/wp\/v2\/product_cat?post=422"},{"taxonomy":"product_tag","embeddable":true,"href":"https:\/\/www.mikoflower.com\/index.php\/wp-json\/wp\/v2\/product_tag?post=422"}],"curies":[{"name":"wp","href":"https:\/\/api.w.org\/{rel}","templated":true}]}}