{"id":427,"date":"2026-04-07T15:30:42","date_gmt":"2026-04-07T15:30:42","guid":{"rendered":"https:\/\/www.mikoflower.com\/?post_type=product&#038;p=427"},"modified":"2026-04-07T15:30:57","modified_gmt":"2026-04-07T15:30:57","slug":"harmonia-kontrastow","status":"publish","type":"product","link":"https:\/\/www.mikoflower.com\/index.php\/produkt\/harmonia-kontrastow\/","title":{"rendered":"Harmonia Kontrast\u00f3w"},"content":{"rendered":"<p>Koszt przesy\u0142ki zostanie dodany po wpisaniu kodu pocztowego w realizacji zam\u00f3wienia.<\/p>\n<p>Dost\u0119pno\u015b\u0107 : Ca\u0142y rok<\/p>\n","protected":false},"excerpt":{"rendered":"<p>Ten flowerbox to bogata, wielogatunkowa kompozycja oparta na wyra\u017anym kontra\u015bcie kolor\u00f3w i form. W centrum znajduj\u0105 si\u0119 kremowe r\u00f3\u017ce oraz jasne lewkonie, kt\u00f3re nadaj\u0105 ca\u0142o\u015bci elegancji i lekko\u015bci. Towarzysz\u0105 im intensywne, bordowe gerbery oraz r\u00f3\u017cowe go\u017adziki, wprowadzaj\u0105ce g\u0142\u0119bi\u0119 koloru i wyrazisty charakter. Ca\u0142o\u015b\u0107 uzupe\u0142niaj\u0105 delikatne frezje, drobne kwiaty sezonowe oraz starannie dobrana ziele\u0144 dekoracyjna, kt\u00f3ra spina kompozycj\u0119 i nadaje jej naturalny rytm.<\/p>\n","protected":false},"featured_media":321,"comment_status":"open","ping_status":"closed","template":"","meta":[],"product_brand":[],"product_cat":[25,27],"product_tag":[],"class_list":{"0":"post-427","1":"product","2":"type-product","3":"status-publish","4":"has-post-thumbnail","6":"product_cat-flower-boxy","7":"product_cat-kwiaty","8":"product_shipping_class-lekkie","10":"first","11":"instock","12":"shipping-taxable","13":"purchasable","14":"product-type-variable","15":"has-default-attributes"},"jetpack_sharing_enabled":true,"_links":{"self":[{"href":"https:\/\/www.mikoflower.com\/index.php\/wp-json\/wp\/v2\/product\/427","targetHints":{"allow":["GET"]}}],"collection":[{"href":"https:\/\/www.mikoflower.com\/index.php\/wp-json\/wp\/v2\/product"}],"about":[{"href":"https:\/\/www.mikoflower.com\/index.php\/wp-json\/wp\/v2\/types\/product"}],"replies":[{"embeddable":true,"href":"https:\/\/www.mikoflower.com\/index.php\/wp-json\/wp\/v2\/comments?post=427"}],"wp:featuredmedia":[{"embeddable":true,"href":"https:\/\/www.mikoflower.com\/index.php\/wp-json\/wp\/v2\/media\/321"}],"wp:attachment":[{"href":"https:\/\/www.mikoflower.com\/index.php\/wp-json\/wp\/v2\/media?parent=427"}],"wp:term":[{"taxonomy":"product_brand","embeddable":true,"href":"https:\/\/www.mikoflower.com\/index.php\/wp-json\/wp\/v2\/product_brand?post=427"},{"taxonomy":"product_cat","embeddable":true,"href":"https:\/\/www.mikoflower.com\/index.php\/wp-json\/wp\/v2\/product_cat?post=427"},{"taxonomy":"product_tag","embeddable":true,"href":"https:\/\/www.mikoflower.com\/index.php\/wp-json\/wp\/v2\/product_tag?post=427"}],"curies":[{"name":"wp","href":"https:\/\/api.w.org\/{rel}","templated":true}]}}