{"id":443,"date":"2026-04-07T15:36:32","date_gmt":"2026-04-07T15:36:32","guid":{"rendered":"https:\/\/www.mikoflower.com\/?post_type=product&#038;p=443"},"modified":"2026-04-07T15:36:32","modified_gmt":"2026-04-07T15:36:32","slug":"dzien-w-kolorach","status":"publish","type":"product","link":"https:\/\/www.mikoflower.com\/index.php\/produkt\/dzien-w-kolorach\/","title":{"rendered":"Dzie\u0144 w kolorach"},"content":{"rendered":"<p>Koszt przesy\u0142ki zostanie dodany po wpisaniu kodu pocztowego w realizacji zam\u00f3wienia.<\/p>\n<p>Dost\u0119pno\u015b\u0107 : Ca\u0142y rok<\/p>\n","protected":false},"excerpt":{"rendered":"<p>Ten bukiet to radosna, wielowarstwowa kompozycja, w kt\u00f3rej r\u00f3\u017cnorodno\u015b\u0107 kwiat\u00f3w gra g\u0142\u00f3wn\u0105 rol\u0119. Delikatne go\u017adziki w pudrowym r\u00f3\u017cu \u0142\u0105cz\u0105 si\u0119 tu z pe\u0142nymi, kremowymi gerberami oraz drobnymi, intensywnie r\u00f3\u017cowymi r\u00f3\u017cami ga\u0142\u0105zkowymi. Ca\u0142o\u015b\u0107 prze\u0142amuj\u0105 p\u0105ki alstremerii i \u015bwie\u017ce, zielone dodatki, kt\u00f3re nadaj\u0105 bukietowi lekko\u015bci i naturalnego rytmu.<\/p>\n","protected":false},"featured_media":339,"comment_status":"open","ping_status":"closed","template":"","meta":[],"product_brand":[],"product_cat":[28,27],"product_tag":[],"class_list":{"0":"post-443","1":"product","2":"type-product","3":"status-publish","4":"has-post-thumbnail","6":"product_cat-bukiety","7":"product_cat-kwiaty","8":"product_shipping_class-lekkie","10":"first","11":"instock","12":"shipping-taxable","13":"purchasable","14":"product-type-variable"},"jetpack_sharing_enabled":true,"_links":{"self":[{"href":"https:\/\/www.mikoflower.com\/index.php\/wp-json\/wp\/v2\/product\/443","targetHints":{"allow":["GET"]}}],"collection":[{"href":"https:\/\/www.mikoflower.com\/index.php\/wp-json\/wp\/v2\/product"}],"about":[{"href":"https:\/\/www.mikoflower.com\/index.php\/wp-json\/wp\/v2\/types\/product"}],"replies":[{"embeddable":true,"href":"https:\/\/www.mikoflower.com\/index.php\/wp-json\/wp\/v2\/comments?post=443"}],"wp:featuredmedia":[{"embeddable":true,"href":"https:\/\/www.mikoflower.com\/index.php\/wp-json\/wp\/v2\/media\/339"}],"wp:attachment":[{"href":"https:\/\/www.mikoflower.com\/index.php\/wp-json\/wp\/v2\/media?parent=443"}],"wp:term":[{"taxonomy":"product_brand","embeddable":true,"href":"https:\/\/www.mikoflower.com\/index.php\/wp-json\/wp\/v2\/product_brand?post=443"},{"taxonomy":"product_cat","embeddable":true,"href":"https:\/\/www.mikoflower.com\/index.php\/wp-json\/wp\/v2\/product_cat?post=443"},{"taxonomy":"product_tag","embeddable":true,"href":"https:\/\/www.mikoflower.com\/index.php\/wp-json\/wp\/v2\/product_tag?post=443"}],"curies":[{"name":"wp","href":"https:\/\/api.w.org\/{rel}","templated":true}]}}