{"id":448,"date":"2026-04-07T15:38:11","date_gmt":"2026-04-07T15:38:11","guid":{"rendered":"https:\/\/www.mikoflower.com\/?post_type=product&#038;p=448"},"modified":"2026-04-07T15:38:11","modified_gmt":"2026-04-07T15:38:11","slug":"miedzy-pastelami","status":"publish","type":"product","link":"https:\/\/www.mikoflower.com\/index.php\/produkt\/miedzy-pastelami\/","title":{"rendered":"Mi\u0119dzy pastelami"},"content":{"rendered":"<p>Koszt przesy\u0142ki zostanie dodany po wpisaniu kodu pocztowego w realizacji zam\u00f3wienia.<\/p>\n<p>Dost\u0119pno\u015b\u0107 : Ca\u0142y rok<\/p>\n","protected":false},"excerpt":{"rendered":"<p>Ten bukiet oparty jest na eustomie w jasnych, kremowo-bia\u0142ych odcieniach z subteln\u0105, fioletow\u0105 obw\u00f3dk\u0105 p\u0142atk\u00f3w. Kwiaty maj\u0105 lekk\u0105, eleganck\u0105 form\u0119 i uk\u0142adaj\u0105 si\u0119 bardzo harmonijnie, tworz\u0105c spokojn\u0105, uporz\u0105dkowan\u0105 kompozycj\u0119. Ca\u0142o\u015b\u0107 uzupe\u0142niaj\u0105 p\u0105ki eustomy oraz drobne dodatki zieleni i akcenty sezonowe, kt\u00f3re dodaj\u0105 \u015bwie\u017co\u015bci i naturalnego rytmu.<\/p>\n","protected":false},"featured_media":327,"comment_status":"open","ping_status":"closed","template":"","meta":[],"product_brand":[],"product_cat":[25,27],"product_tag":[],"class_list":{"0":"post-448","1":"product","2":"type-product","3":"status-publish","4":"has-post-thumbnail","6":"product_cat-flower-boxy","7":"product_cat-kwiaty","8":"product_shipping_class-lekkie","10":"first","11":"instock","12":"shipping-taxable","13":"purchasable","14":"product-type-variable"},"jetpack_sharing_enabled":true,"_links":{"self":[{"href":"https:\/\/www.mikoflower.com\/index.php\/wp-json\/wp\/v2\/product\/448","targetHints":{"allow":["GET"]}}],"collection":[{"href":"https:\/\/www.mikoflower.com\/index.php\/wp-json\/wp\/v2\/product"}],"about":[{"href":"https:\/\/www.mikoflower.com\/index.php\/wp-json\/wp\/v2\/types\/product"}],"replies":[{"embeddable":true,"href":"https:\/\/www.mikoflower.com\/index.php\/wp-json\/wp\/v2\/comments?post=448"}],"wp:featuredmedia":[{"embeddable":true,"href":"https:\/\/www.mikoflower.com\/index.php\/wp-json\/wp\/v2\/media\/327"}],"wp:attachment":[{"href":"https:\/\/www.mikoflower.com\/index.php\/wp-json\/wp\/v2\/media?parent=448"}],"wp:term":[{"taxonomy":"product_brand","embeddable":true,"href":"https:\/\/www.mikoflower.com\/index.php\/wp-json\/wp\/v2\/product_brand?post=448"},{"taxonomy":"product_cat","embeddable":true,"href":"https:\/\/www.mikoflower.com\/index.php\/wp-json\/wp\/v2\/product_cat?post=448"},{"taxonomy":"product_tag","embeddable":true,"href":"https:\/\/www.mikoflower.com\/index.php\/wp-json\/wp\/v2\/product_tag?post=448"}],"curies":[{"name":"wp","href":"https:\/\/api.w.org\/{rel}","templated":true}]}}