{"id":456,"date":"2026-04-07T15:43:12","date_gmt":"2026-04-07T15:43:12","guid":{"rendered":"https:\/\/www.mikoflower.com\/?post_type=product&#038;p=456"},"modified":"2026-04-07T16:23:47","modified_gmt":"2026-04-07T16:23:47","slug":"kwiatowy-rollercoaster","status":"publish","type":"product","link":"https:\/\/www.mikoflower.com\/index.php\/produkt\/kwiatowy-rollercoaster\/","title":{"rendered":"Kwiatowy Rollercoaster"},"content":{"rendered":"<p>Koszt przesy\u0142ki zostanie dodany po wpisaniu kodu pocztowego w realizacji zam\u00f3wienia.<\/p>\n<p>Dost\u0119pno\u015b\u0107 : Ca\u0142y rok<\/p>\n","protected":false},"excerpt":{"rendered":"<p>Kwiatowy Rollercoaster to energetyczny, kolorowy kosz pe\u0142en r\u00f3\u017cnorodnych kwiat\u00f3w i dobrego nastroju. W kompozycji znajdziesz m.in. r\u00f3\u017ce, gerbery, chryzantemy, go\u017adziki, alstremerie oraz drobne kwiaty sezonowe, uzupe\u0142nione zieleni\u0105 dekoracyjn\u0105 i eukaliptusem. Intensywne kolory, r\u00f3\u017cne formy i faktury tworz\u0105 radosn\u0105, nieco szalon\u0105 ca\u0142o\u015b\u0107, kt\u00f3ra od razu przyci\u0105ga wzrok. Idealny wyb\u00f3r na popraw\u0119 humoru, urodziny albo wtedy, gdy po prostu ma by\u0107 kolorowo i z u\u015bmiechem.<\/p>\n","protected":false},"featured_media":342,"comment_status":"open","ping_status":"closed","template":"","meta":[],"product_brand":[],"product_cat":[25,27],"product_tag":[],"class_list":{"0":"post-456","1":"product","2":"type-product","3":"status-publish","4":"has-post-thumbnail","6":"product_cat-flower-boxy","7":"product_cat-kwiaty","8":"product_shipping_class-lekkie","10":"first","11":"instock","12":"shipping-taxable","13":"purchasable","14":"product-type-variable"},"jetpack_sharing_enabled":true,"_links":{"self":[{"href":"https:\/\/www.mikoflower.com\/index.php\/wp-json\/wp\/v2\/product\/456","targetHints":{"allow":["GET"]}}],"collection":[{"href":"https:\/\/www.mikoflower.com\/index.php\/wp-json\/wp\/v2\/product"}],"about":[{"href":"https:\/\/www.mikoflower.com\/index.php\/wp-json\/wp\/v2\/types\/product"}],"replies":[{"embeddable":true,"href":"https:\/\/www.mikoflower.com\/index.php\/wp-json\/wp\/v2\/comments?post=456"}],"wp:featuredmedia":[{"embeddable":true,"href":"https:\/\/www.mikoflower.com\/index.php\/wp-json\/wp\/v2\/media\/342"}],"wp:attachment":[{"href":"https:\/\/www.mikoflower.com\/index.php\/wp-json\/wp\/v2\/media?parent=456"}],"wp:term":[{"taxonomy":"product_brand","embeddable":true,"href":"https:\/\/www.mikoflower.com\/index.php\/wp-json\/wp\/v2\/product_brand?post=456"},{"taxonomy":"product_cat","embeddable":true,"href":"https:\/\/www.mikoflower.com\/index.php\/wp-json\/wp\/v2\/product_cat?post=456"},{"taxonomy":"product_tag","embeddable":true,"href":"https:\/\/www.mikoflower.com\/index.php\/wp-json\/wp\/v2\/product_tag?post=456"}],"curies":[{"name":"wp","href":"https:\/\/api.w.org\/{rel}","templated":true}]}}