{"id":461,"date":"2026-04-07T15:44:48","date_gmt":"2026-04-07T15:44:48","guid":{"rendered":"https:\/\/www.mikoflower.com\/?post_type=product&#038;p=461"},"modified":"2026-04-07T15:44:48","modified_gmt":"2026-04-07T15:44:48","slug":"brzoskwiniowa-harmonia","status":"publish","type":"product","link":"https:\/\/www.mikoflower.com\/index.php\/produkt\/brzoskwiniowa-harmonia\/","title":{"rendered":"Brzoskwiniowa harmonia"},"content":{"rendered":"<p>Koszt przesy\u0142ki zostanie dodany po wpisaniu kodu pocztowego w realizacji zam\u00f3wienia.<\/p>\n<p>Dost\u0119pno\u015b\u0107 : Ca\u0142y rok<\/p>\n","protected":false},"excerpt":{"rendered":"<p>Ta kompozycja to eleganckie zestawienie brzoskwiniowych r\u00f3\u017c w ciep\u0142ym, delikatnym odcieniu, uzupe\u0142nionych drobnymi kwiatami i dekoracyjn\u0105 zieleni\u0105, tworz\u0105ce spokojn\u0105 i harmonijn\u0105 form\u0119 o naturalnym, a jednocze\u015bnie dopracowanym charakterze. Kwiaty zosta\u0142y osadzone w estetycznym naczyniu, dzi\u0119ki czemu kompozycja jest gotowa do postawienia i nie wymaga dodatkowej oprawy ani wazonu. Zastrzegamy mo\u017cliwo\u015b\u0107 zmiany naczynia w zale\u017cno\u015bci od dost\u0119pno\u015bci, przy zachowaniu tej samej stylistyki, kolorystyki i formy kompozycji. To propozycja idealna jako prezent lub subtelna dekoracja wn\u0119trza, wykonywana r\u0119cznie, dlatego ka\u017cda sztuka mo\u017ce si\u0119 nieznacznie r\u00f3\u017cni\u0107, zachowuj\u0105c sw\u00f3j charakter i jako\u015b\u0107 wykonania.<\/p>\n","protected":false},"featured_media":323,"comment_status":"open","ping_status":"closed","template":"","meta":[],"product_brand":[],"product_cat":[25,27],"product_tag":[],"class_list":{"0":"post-461","1":"product","2":"type-product","3":"status-publish","4":"has-post-thumbnail","6":"product_cat-flower-boxy","7":"product_cat-kwiaty","8":"product_shipping_class-lekkie","10":"first","11":"instock","12":"shipping-taxable","13":"purchasable","14":"product-type-variable","15":"has-default-attributes"},"jetpack_sharing_enabled":true,"_links":{"self":[{"href":"https:\/\/www.mikoflower.com\/index.php\/wp-json\/wp\/v2\/product\/461","targetHints":{"allow":["GET"]}}],"collection":[{"href":"https:\/\/www.mikoflower.com\/index.php\/wp-json\/wp\/v2\/product"}],"about":[{"href":"https:\/\/www.mikoflower.com\/index.php\/wp-json\/wp\/v2\/types\/product"}],"replies":[{"embeddable":true,"href":"https:\/\/www.mikoflower.com\/index.php\/wp-json\/wp\/v2\/comments?post=461"}],"wp:featuredmedia":[{"embeddable":true,"href":"https:\/\/www.mikoflower.com\/index.php\/wp-json\/wp\/v2\/media\/323"}],"wp:attachment":[{"href":"https:\/\/www.mikoflower.com\/index.php\/wp-json\/wp\/v2\/media?parent=461"}],"wp:term":[{"taxonomy":"product_brand","embeddable":true,"href":"https:\/\/www.mikoflower.com\/index.php\/wp-json\/wp\/v2\/product_brand?post=461"},{"taxonomy":"product_cat","embeddable":true,"href":"https:\/\/www.mikoflower.com\/index.php\/wp-json\/wp\/v2\/product_cat?post=461"},{"taxonomy":"product_tag","embeddable":true,"href":"https:\/\/www.mikoflower.com\/index.php\/wp-json\/wp\/v2\/product_tag?post=461"}],"curies":[{"name":"wp","href":"https:\/\/api.w.org\/{rel}","templated":true}]}}