{"id":485,"date":"2026-04-07T16:15:29","date_gmt":"2026-04-07T16:15:29","guid":{"rendered":"https:\/\/www.mikoflower.com\/?post_type=product&#038;p=485"},"modified":"2026-04-07T16:24:12","modified_gmt":"2026-04-07T16:24:12","slug":"pozegnanie-z-serca","status":"publish","type":"product","link":"https:\/\/www.mikoflower.com\/index.php\/produkt\/pozegnanie-z-serca\/","title":{"rendered":"Po\u017cegnanie z serca"},"content":{"rendered":"<p>Koszt przesy\u0142ki zostanie dodany po wpisaniu kodu pocztowego w realizacji zam\u00f3wienia.<\/p>\n<p>Dost\u0119pno\u015b\u0107 : Ca\u0142y rok<\/p>\n","protected":false},"excerpt":{"rendered":"<p>Serce na stojaku zosta\u0142o wykonane jako elegancka i pe\u0142na spokoju forma po\u017cegnalna, symbolizuj\u0105ca pami\u0119\u0107, mi\u0142o\u015b\u0107 i obecno\u015b\u0107 serca w ostatnich chwilach. Kompozycj\u0119 tworz\u0105 jasne r\u00f3\u017ce w odcieniach kremu i delikatnej moreli, uzupe\u0142nione drobnymi r\u00f3\u017cami ga\u0142\u0105zkowymi oraz gips\u00f3wk\u0105, kt\u00f3re nadaj\u0105 ca\u0142o\u015bci lekko\u015bci i subtelno\u015bci, a ca\u0142o\u015b\u0107 otula starannie dobrana ziele\u0144 dekoracyjna podkre\u015blaj\u0105ca kszta\u0142t serca i nadaj\u0105ca kompozycji harmonijny, klasyczny charakter. Serce osadzone jest na stojaku, dzi\u0119ki czemu pi\u0119knie prezentuje si\u0119 podczas uroczysto\u015bci \u017ca\u0142obnych i zachowuje czyteln\u0105, dostojn\u0105 form\u0119, b\u0119d\u0105c wyrazem szacunku, wdzi\u0119cznej pami\u0119ci oraz emocji p\u0142yn\u0105cych prosto z serca. Ka\u017cda kompozycja wykonywana jest r\u0119cznie, dlatego mo\u017ce si\u0119 delikatnie r\u00f3\u017cni\u0107, zachowuj\u0105c jednak sw\u00f3j styl, kolorystyk\u0119 i florystyczn\u0105 jako\u015b\u0107.<\/p>\n","protected":false},"featured_media":322,"comment_status":"open","ping_status":"closed","template":"","meta":[],"product_brand":[],"product_cat":[27,29],"product_tag":[],"class_list":{"0":"post-485","1":"product","2":"type-product","3":"status-publish","4":"has-post-thumbnail","6":"product_cat-kwiaty","7":"product_cat-wience","8":"product_shipping_class-lekkie","10":"first","11":"instock","12":"shipping-taxable","13":"purchasable","14":"product-type-variable"},"jetpack_sharing_enabled":true,"_links":{"self":[{"href":"https:\/\/www.mikoflower.com\/index.php\/wp-json\/wp\/v2\/product\/485","targetHints":{"allow":["GET"]}}],"collection":[{"href":"https:\/\/www.mikoflower.com\/index.php\/wp-json\/wp\/v2\/product"}],"about":[{"href":"https:\/\/www.mikoflower.com\/index.php\/wp-json\/wp\/v2\/types\/product"}],"replies":[{"embeddable":true,"href":"https:\/\/www.mikoflower.com\/index.php\/wp-json\/wp\/v2\/comments?post=485"}],"wp:featuredmedia":[{"embeddable":true,"href":"https:\/\/www.mikoflower.com\/index.php\/wp-json\/wp\/v2\/media\/322"}],"wp:attachment":[{"href":"https:\/\/www.mikoflower.com\/index.php\/wp-json\/wp\/v2\/media?parent=485"}],"wp:term":[{"taxonomy":"product_brand","embeddable":true,"href":"https:\/\/www.mikoflower.com\/index.php\/wp-json\/wp\/v2\/product_brand?post=485"},{"taxonomy":"product_cat","embeddable":true,"href":"https:\/\/www.mikoflower.com\/index.php\/wp-json\/wp\/v2\/product_cat?post=485"},{"taxonomy":"product_tag","embeddable":true,"href":"https:\/\/www.mikoflower.com\/index.php\/wp-json\/wp\/v2\/product_tag?post=485"}],"curies":[{"name":"wp","href":"https:\/\/api.w.org\/{rel}","templated":true}]}}