{"id":488,"date":"2026-04-07T16:17:11","date_gmt":"2026-04-07T16:17:11","guid":{"rendered":"https:\/\/www.mikoflower.com\/?post_type=product&#038;p=488"},"modified":"2026-04-07T16:24:32","modified_gmt":"2026-04-07T16:24:32","slug":"rubinowe-pozegnanie","status":"publish","type":"product","link":"https:\/\/www.mikoflower.com\/index.php\/produkt\/rubinowe-pozegnanie\/","title":{"rendered":"Rubinowe Po\u017cegnanie"},"content":{"rendered":"<p>Koszt przesy\u0142ki zostanie dodany po wpisaniu kodu pocztowego w realizacji zam\u00f3wienia.<\/p>\n<p>Dost\u0119pno\u015b\u0107 : Ca\u0142y rok<\/p>\n","protected":false},"excerpt":{"rendered":"<p>Rubinowe Po\u017cegnanie to wieniec \u017ca\u0142obny na stojaku, utrzymany w g\u0142\u0119bokiej tonacji czerwieni i r\u00f3\u017cu. Kompozycja oparta jest na czerwonych r\u00f3\u017cach, kwiatach w odcieniach r\u00f3\u017cu oraz starannie dobranej zieleni dekoracyjnej, kt\u00f3re wsp\u00f3lnie tworz\u0105 harmonijn\u0105, eleganck\u0105 ca\u0142o\u015b\u0107. Okr\u0105g\u0142a forma wie\u0144ca podkre\u015bla klasyczny charakter kompozycji i nadaje jej wyrazisty, a zarazem godny wyraz. Wieniec przygotowywany jest na solidnym stojaku, z dba\u0142o\u015bci\u0105 o \u015bwie\u017co\u015b\u0107 kwiat\u00f3w, proporcje i estetyk\u0119 wykonania. Odpowiedni wyb\u00f3r na uroczysto\u015bci po\u017cegnalne, wyra\u017caj\u0105cy pami\u0119\u0107 i szacunek.<\/p>\n","protected":false},"featured_media":317,"comment_status":"open","ping_status":"closed","template":"","meta":[],"product_brand":[],"product_cat":[27,29],"product_tag":[],"class_list":{"0":"post-488","1":"product","2":"type-product","3":"status-publish","4":"has-post-thumbnail","6":"product_cat-kwiaty","7":"product_cat-wience","8":"product_shipping_class-lekkie","10":"first","11":"instock","12":"shipping-taxable","13":"purchasable","14":"product-type-variable"},"jetpack_sharing_enabled":true,"_links":{"self":[{"href":"https:\/\/www.mikoflower.com\/index.php\/wp-json\/wp\/v2\/product\/488","targetHints":{"allow":["GET"]}}],"collection":[{"href":"https:\/\/www.mikoflower.com\/index.php\/wp-json\/wp\/v2\/product"}],"about":[{"href":"https:\/\/www.mikoflower.com\/index.php\/wp-json\/wp\/v2\/types\/product"}],"replies":[{"embeddable":true,"href":"https:\/\/www.mikoflower.com\/index.php\/wp-json\/wp\/v2\/comments?post=488"}],"wp:featuredmedia":[{"embeddable":true,"href":"https:\/\/www.mikoflower.com\/index.php\/wp-json\/wp\/v2\/media\/317"}],"wp:attachment":[{"href":"https:\/\/www.mikoflower.com\/index.php\/wp-json\/wp\/v2\/media?parent=488"}],"wp:term":[{"taxonomy":"product_brand","embeddable":true,"href":"https:\/\/www.mikoflower.com\/index.php\/wp-json\/wp\/v2\/product_brand?post=488"},{"taxonomy":"product_cat","embeddable":true,"href":"https:\/\/www.mikoflower.com\/index.php\/wp-json\/wp\/v2\/product_cat?post=488"},{"taxonomy":"product_tag","embeddable":true,"href":"https:\/\/www.mikoflower.com\/index.php\/wp-json\/wp\/v2\/product_tag?post=488"}],"curies":[{"name":"wp","href":"https:\/\/api.w.org\/{rel}","templated":true}]}}