{"id":492,"date":"2026-04-07T16:18:46","date_gmt":"2026-04-07T16:18:46","guid":{"rendered":"https:\/\/www.mikoflower.com\/?post_type=product&#038;p=492"},"modified":"2026-04-07T16:18:46","modified_gmt":"2026-04-07T16:18:46","slug":"serce-w-pastelowej-ciszy","status":"publish","type":"product","link":"https:\/\/www.mikoflower.com\/index.php\/produkt\/serce-w-pastelowej-ciszy\/","title":{"rendered":"Serce w Pastelowej Ciszy"},"content":{"rendered":"<p>Koszt przesy\u0142ki zostanie dodany po wpisaniu kodu pocztowego w realizacji zam\u00f3wienia.<\/p>\n<p>Dost\u0119pno\u015b\u0107 : Ca\u0142y rok<\/p>\n","protected":false},"excerpt":{"rendered":"<p>Serce w pastelowej ciszy to delikatna kompozycja \u017ca\u0142obna w formie serca, wykonana na kszta\u0142tce. Jasne, pastelowe kwiaty w odcieniach bieli i kremu, uzupe\u0142nione subteln\u0105 zieleni\u0105 dekoracyjn\u0105, tworz\u0105 spokojn\u0105 i harmonijn\u0105 ca\u0142o\u015b\u0107. Stonowana kolorystyka oraz klasyczna forma serca podkre\u015blaj\u0105 charakter kompozycji i wyra\u017caj\u0105 pami\u0119\u0107 oraz szacunek.<\/p>\n","protected":false},"featured_media":326,"comment_status":"open","ping_status":"closed","template":"","meta":[],"product_brand":[],"product_cat":[27,29],"product_tag":[],"class_list":{"0":"post-492","1":"product","2":"type-product","3":"status-publish","4":"has-post-thumbnail","6":"product_cat-kwiaty","7":"product_cat-wience","8":"product_shipping_class-lekkie","10":"first","11":"instock","12":"shipping-taxable","13":"purchasable","14":"product-type-variable"},"jetpack_sharing_enabled":true,"_links":{"self":[{"href":"https:\/\/www.mikoflower.com\/index.php\/wp-json\/wp\/v2\/product\/492","targetHints":{"allow":["GET"]}}],"collection":[{"href":"https:\/\/www.mikoflower.com\/index.php\/wp-json\/wp\/v2\/product"}],"about":[{"href":"https:\/\/www.mikoflower.com\/index.php\/wp-json\/wp\/v2\/types\/product"}],"replies":[{"embeddable":true,"href":"https:\/\/www.mikoflower.com\/index.php\/wp-json\/wp\/v2\/comments?post=492"}],"wp:featuredmedia":[{"embeddable":true,"href":"https:\/\/www.mikoflower.com\/index.php\/wp-json\/wp\/v2\/media\/326"}],"wp:attachment":[{"href":"https:\/\/www.mikoflower.com\/index.php\/wp-json\/wp\/v2\/media?parent=492"}],"wp:term":[{"taxonomy":"product_brand","embeddable":true,"href":"https:\/\/www.mikoflower.com\/index.php\/wp-json\/wp\/v2\/product_brand?post=492"},{"taxonomy":"product_cat","embeddable":true,"href":"https:\/\/www.mikoflower.com\/index.php\/wp-json\/wp\/v2\/product_cat?post=492"},{"taxonomy":"product_tag","embeddable":true,"href":"https:\/\/www.mikoflower.com\/index.php\/wp-json\/wp\/v2\/product_tag?post=492"}],"curies":[{"name":"wp","href":"https:\/\/api.w.org\/{rel}","templated":true}]}}