{"id":496,"date":"2026-04-07T16:21:01","date_gmt":"2026-04-07T16:21:01","guid":{"rendered":"https:\/\/www.mikoflower.com\/?post_type=product&#038;p=496"},"modified":"2026-04-07T18:16:14","modified_gmt":"2026-04-07T18:16:14","slug":"cicha-pamiec","status":"publish","type":"product","link":"https:\/\/www.mikoflower.com\/index.php\/produkt\/cicha-pamiec\/","title":{"rendered":"Cicha pami\u0119\u0107"},"content":{"rendered":"<p>Koszt przesy\u0142ki zostanie dodany po wpisaniu kodu pocztowego w realizacji zam\u00f3wienia.<\/p>\n<p>Dost\u0119pno\u015b\u0107 : Ca\u0142y rok<\/p>\n","protected":false},"excerpt":{"rendered":"<p>Ten wieniec pogrzebowy to delikatna i spokojna kompozycja, utrzymana w jasnej, stonowanej kolorystyce. Bia\u0142e r\u00f3\u017ce symbolizuj\u0105ce czysto\u015b\u0107 i pami\u0119\u0107 zosta\u0142y po\u0142\u0105czone z drobnymi r\u00f3\u017cowymi r\u00f3\u017cami ga\u0142\u0105zkowymi, kt\u00f3re wnosz\u0105 nut\u0119 czu\u0142o\u015bci i osobistego po\u017cegnania. Ca\u0142o\u015b\u0107 uzupe\u0142nia gips\u00f3wka oraz starannie dobrana ziele\u0144 dekoracyjna, w tym li\u015bcie palmowe i ga\u0142\u0105zki zieleni sezonowej, nadaj\u0105ce wie\u0144cowi pe\u0142n\u0105, harmonijn\u0105 form\u0119.<\/p>\n","protected":false},"featured_media":502,"comment_status":"open","ping_status":"closed","template":"","meta":[],"product_brand":[],"product_cat":[27,29],"product_tag":[],"class_list":{"0":"post-496","1":"product","2":"type-product","3":"status-publish","4":"has-post-thumbnail","6":"product_cat-kwiaty","7":"product_cat-wience","8":"product_shipping_class-lekkie","10":"first","11":"instock","12":"shipping-taxable","13":"purchasable","14":"product-type-variable"},"jetpack_sharing_enabled":true,"_links":{"self":[{"href":"https:\/\/www.mikoflower.com\/index.php\/wp-json\/wp\/v2\/product\/496","targetHints":{"allow":["GET"]}}],"collection":[{"href":"https:\/\/www.mikoflower.com\/index.php\/wp-json\/wp\/v2\/product"}],"about":[{"href":"https:\/\/www.mikoflower.com\/index.php\/wp-json\/wp\/v2\/types\/product"}],"replies":[{"embeddable":true,"href":"https:\/\/www.mikoflower.com\/index.php\/wp-json\/wp\/v2\/comments?post=496"}],"wp:featuredmedia":[{"embeddable":true,"href":"https:\/\/www.mikoflower.com\/index.php\/wp-json\/wp\/v2\/media\/502"}],"wp:attachment":[{"href":"https:\/\/www.mikoflower.com\/index.php\/wp-json\/wp\/v2\/media?parent=496"}],"wp:term":[{"taxonomy":"product_brand","embeddable":true,"href":"https:\/\/www.mikoflower.com\/index.php\/wp-json\/wp\/v2\/product_brand?post=496"},{"taxonomy":"product_cat","embeddable":true,"href":"https:\/\/www.mikoflower.com\/index.php\/wp-json\/wp\/v2\/product_cat?post=496"},{"taxonomy":"product_tag","embeddable":true,"href":"https:\/\/www.mikoflower.com\/index.php\/wp-json\/wp\/v2\/product_tag?post=496"}],"curies":[{"name":"wp","href":"https:\/\/api.w.org\/{rel}","templated":true}]}}