{"id":552,"date":"2026-04-14T08:25:11","date_gmt":"2026-04-14T08:25:11","guid":{"rendered":"https:\/\/www.mikoflower.com\/?post_type=product&#038;p=552"},"modified":"2026-04-22T06:05:51","modified_gmt":"2026-04-22T06:05:51","slug":"swieca-sojowa-cashmere-woods-150-g","status":"publish","type":"product","link":"https:\/\/www.mikoflower.com\/index.php\/produkt\/swieca-sojowa-cashmere-woods-150-g\/","title":{"rendered":"\u015awieca sojowa Cashmere Woods 150 g"},"content":{"rendered":"","protected":false},"excerpt":{"rendered":"<p><span data-sheets-root=\"1\">Cashmere Woods \u2013 \u015bwieca 150 g | czas palenia ok. 40 h<br \/>\nMi\u0119kki, otulaj\u0105cy zapach, kt\u00f3ry od pierwszej chwili wprowadza spok\u00f3j i poczucie komfortu. Cytrusowo-owocowe nuty otwarcia delikatnie rozja\u015bniaj\u0105 kompozycj\u0119, po czym pojawia si\u0119 kwiatowe, spokojne serce z lawend\u0105 i ja\u015bminem. Ca\u0142o\u015b\u0107 opiera si\u0119 na ciep\u0142ej bazie drzewa kaszmirowego, wanilii, ambry i tonki. Idealna \u015bwieca na wieczory, kiedy chcesz zwolni\u0107 i po prostu by\u0107.<\/span><\/p>\n<p>&nbsp;<\/p>\n<p><span style=\"font-weight: 400;\">\u015awieca trafia do Ciebie zapakowana w nasz oryginalny kartonik z zapa\u0142kami w \u015brodku.<\/span><\/p>\n","protected":false},"featured_media":704,"comment_status":"open","ping_status":"closed","template":"","meta":[],"product_brand":[31],"product_cat":[20],"product_tag":[],"class_list":{"0":"post-552","1":"product","2":"type-product","3":"status-publish","4":"has-post-thumbnail","6":"product_brand-mikocandle","7":"product_cat-swiece-sojowe","8":"product_shipping_class-swiece","10":"first","11":"instock","12":"shipping-taxable","13":"purchasable","14":"product-type-simple"},"jetpack_sharing_enabled":true,"_links":{"self":[{"href":"https:\/\/www.mikoflower.com\/index.php\/wp-json\/wp\/v2\/product\/552","targetHints":{"allow":["GET"]}}],"collection":[{"href":"https:\/\/www.mikoflower.com\/index.php\/wp-json\/wp\/v2\/product"}],"about":[{"href":"https:\/\/www.mikoflower.com\/index.php\/wp-json\/wp\/v2\/types\/product"}],"replies":[{"embeddable":true,"href":"https:\/\/www.mikoflower.com\/index.php\/wp-json\/wp\/v2\/comments?post=552"}],"wp:featuredmedia":[{"embeddable":true,"href":"https:\/\/www.mikoflower.com\/index.php\/wp-json\/wp\/v2\/media\/704"}],"wp:attachment":[{"href":"https:\/\/www.mikoflower.com\/index.php\/wp-json\/wp\/v2\/media?parent=552"}],"wp:term":[{"taxonomy":"product_brand","embeddable":true,"href":"https:\/\/www.mikoflower.com\/index.php\/wp-json\/wp\/v2\/product_brand?post=552"},{"taxonomy":"product_cat","embeddable":true,"href":"https:\/\/www.mikoflower.com\/index.php\/wp-json\/wp\/v2\/product_cat?post=552"},{"taxonomy":"product_tag","embeddable":true,"href":"https:\/\/www.mikoflower.com\/index.php\/wp-json\/wp\/v2\/product_tag?post=552"}],"curies":[{"name":"wp","href":"https:\/\/api.w.org\/{rel}","templated":true}]}}