{"id":582,"date":"2026-04-13T13:42:23","date_gmt":"2026-04-13T13:42:23","guid":{"rendered":"https:\/\/www.mikoflower.com\/?post_type=product&#038;p=582"},"modified":"2026-04-22T06:35:18","modified_gmt":"2026-04-22T06:35:18","slug":"swieca-sojowa-smoked-cigars-old-whiskey-150g","status":"publish","type":"product","link":"https:\/\/www.mikoflower.com\/index.php\/produkt\/swieca-sojowa-smoked-cigars-old-whiskey-150g\/","title":{"rendered":"\u015awieca sojowa Smoked Cigars &#038; Old Whiskey 150g"},"content":{"rendered":"","protected":false},"excerpt":{"rendered":"<p><span data-sheets-root=\"1\">Smoked Cigars &amp; Old Whiskey \u2013 \u015bwieca 150 g | czas palenia ok. 40 h<br \/>\nDymny, elegancki zapach, kt\u00f3ry od pierwszej chwili wprowadza cisz\u0119 i spok\u00f3j. \u015awie\u017ca limonka i winogrono szybko ust\u0119puj\u0105 miejsca aksamitnemu sercu fio\u0142ka i geranium, a ca\u0142o\u015b\u0107 osiada na g\u0142\u0119bokiej bazie tytoniu, szlachetnego drewna i \u017cywic. Wanilia i pi\u017cmo dodaj\u0105 mi\u0119kko\u015bci i ciep\u0142a. Idealna \u015bwieca na spokojne wieczory, kiedy chcesz zwolni\u0107 i zosta\u0107 sam na sam z my\u015blami.<br \/>\n\u015awieca trafia do Ciebie zapakowana w nasz oryginalny kartonik z zapa\u0142kami w \u015brodku.<\/span><\/p>\n","protected":false},"featured_media":717,"comment_status":"open","ping_status":"closed","template":"","meta":[],"product_brand":[31],"product_cat":[20],"product_tag":[],"class_list":{"0":"post-582","1":"product","2":"type-product","3":"status-publish","4":"has-post-thumbnail","6":"product_brand-mikocandle","7":"product_cat-swiece-sojowe","8":"product_shipping_class-swiece","10":"first","11":"instock","12":"shipping-taxable","13":"purchasable","14":"product-type-simple"},"jetpack_sharing_enabled":true,"_links":{"self":[{"href":"https:\/\/www.mikoflower.com\/index.php\/wp-json\/wp\/v2\/product\/582","targetHints":{"allow":["GET"]}}],"collection":[{"href":"https:\/\/www.mikoflower.com\/index.php\/wp-json\/wp\/v2\/product"}],"about":[{"href":"https:\/\/www.mikoflower.com\/index.php\/wp-json\/wp\/v2\/types\/product"}],"replies":[{"embeddable":true,"href":"https:\/\/www.mikoflower.com\/index.php\/wp-json\/wp\/v2\/comments?post=582"}],"wp:featuredmedia":[{"embeddable":true,"href":"https:\/\/www.mikoflower.com\/index.php\/wp-json\/wp\/v2\/media\/717"}],"wp:attachment":[{"href":"https:\/\/www.mikoflower.com\/index.php\/wp-json\/wp\/v2\/media?parent=582"}],"wp:term":[{"taxonomy":"product_brand","embeddable":true,"href":"https:\/\/www.mikoflower.com\/index.php\/wp-json\/wp\/v2\/product_brand?post=582"},{"taxonomy":"product_cat","embeddable":true,"href":"https:\/\/www.mikoflower.com\/index.php\/wp-json\/wp\/v2\/product_cat?post=582"},{"taxonomy":"product_tag","embeddable":true,"href":"https:\/\/www.mikoflower.com\/index.php\/wp-json\/wp\/v2\/product_tag?post=582"}],"curies":[{"name":"wp","href":"https:\/\/api.w.org\/{rel}","templated":true}]}}