{"id":635,"date":"2026-04-14T08:49:54","date_gmt":"2026-04-14T08:49:54","guid":{"rendered":"https:\/\/www.mikoflower.com\/?post_type=product&#038;p=635"},"modified":"2026-04-14T08:50:22","modified_gmt":"2026-04-14T08:50:22","slug":"635","status":"publish","type":"product","link":"https:\/\/www.mikoflower.com\/index.php\/produkt\/635\/","title":{"rendered":"Woski sojowe kominkowe Mr Dior 100g"},"content":{"rendered":"","protected":false},"excerpt":{"rendered":"<p><span data-sheets-root=\"1\">Mr Dior \u2013 woski kominkowe 100 g | czas zapachu ok. 80-100 h<br \/>\n\u015awie\u017cy, elegancki zapach, kt\u00f3ry szybko wype\u0142nia wn\u0119trze lekko\u015bci\u0105 i spokojem. Zielone li\u015bcie, bergamotka i ja\u015bmin \u0142\u0105cz\u0105 si\u0119 z delikatn\u0105 morsk\u0105 nut\u0105 oraz ciep\u0142\u0105, drzewno-waniliow\u0105 baz\u0105. Idealne woski do stworzenia harmonijnej, stylowej atmosfery w kilka chwil.<\/span><\/p>\n","protected":false},"featured_media":624,"comment_status":"open","ping_status":"closed","template":"","meta":[],"product_brand":[31],"product_cat":[24],"product_tag":[],"class_list":{"0":"post-635","1":"product","2":"type-product","3":"status-publish","4":"has-post-thumbnail","6":"product_brand-mikocandle","7":"product_cat-woski-sojowe","8":"product_shipping_class-swiece","10":"first","11":"instock","12":"shipping-taxable","13":"purchasable","14":"product-type-simple"},"jetpack_sharing_enabled":true,"_links":{"self":[{"href":"https:\/\/www.mikoflower.com\/index.php\/wp-json\/wp\/v2\/product\/635","targetHints":{"allow":["GET"]}}],"collection":[{"href":"https:\/\/www.mikoflower.com\/index.php\/wp-json\/wp\/v2\/product"}],"about":[{"href":"https:\/\/www.mikoflower.com\/index.php\/wp-json\/wp\/v2\/types\/product"}],"replies":[{"embeddable":true,"href":"https:\/\/www.mikoflower.com\/index.php\/wp-json\/wp\/v2\/comments?post=635"}],"wp:featuredmedia":[{"embeddable":true,"href":"https:\/\/www.mikoflower.com\/index.php\/wp-json\/wp\/v2\/media\/624"}],"wp:attachment":[{"href":"https:\/\/www.mikoflower.com\/index.php\/wp-json\/wp\/v2\/media?parent=635"}],"wp:term":[{"taxonomy":"product_brand","embeddable":true,"href":"https:\/\/www.mikoflower.com\/index.php\/wp-json\/wp\/v2\/product_brand?post=635"},{"taxonomy":"product_cat","embeddable":true,"href":"https:\/\/www.mikoflower.com\/index.php\/wp-json\/wp\/v2\/product_cat?post=635"},{"taxonomy":"product_tag","embeddable":true,"href":"https:\/\/www.mikoflower.com\/index.php\/wp-json\/wp\/v2\/product_tag?post=635"}],"curies":[{"name":"wp","href":"https:\/\/api.w.org\/{rel}","templated":true}]}}