{"id":678,"date":"2026-04-21T10:53:42","date_gmt":"2026-04-21T10:53:42","guid":{"rendered":"https:\/\/www.mikoflower.com\/?post_type=product&#038;p=678"},"modified":"2026-04-22T08:05:30","modified_gmt":"2026-04-22T08:05:30","slug":"swieca-sojowa-fresh-cut-peony-300g","status":"publish","type":"product","link":"https:\/\/www.mikoflower.com\/index.php\/produkt\/swieca-sojowa-fresh-cut-peony-300g\/","title":{"rendered":"\u015awieca sojowa Fresh cut peony 300g"},"content":{"rendered":"","protected":false},"excerpt":{"rendered":"<p><span data-sheets-root=\"1\">Fresh cut peony\u2013 \u015bwieca 300g | czas palenia ok. 60 h<\/span><\/p>\n<p>\u015awie\u017cy, kwiatowy aromat piwonii z nut\u0105 zieleni i delikatn\u0105 bergamotk\u0105. W tle wyczuwalne konwalia, ja\u015bmin i r\u00f3\u017ca, a ca\u0142o\u015b\u0107 dope\u0142nia subtelny cedr i bursztyn. Zapach szybko wype\u0142nia wn\u0119trze, tworz\u0105c lekki, elegancki klimat na co dzie\u0144.<\/p>\n<p><span data-sheets-root=\"1\">\u015awieca trafia do Ciebie zapakowana w nasz oryginalny kartonik z zapa\u0142kami w \u015brodku.<\/span><\/p>\n<p>&nbsp;<\/p>\n","protected":false},"featured_media":680,"comment_status":"open","ping_status":"closed","template":"","meta":[],"product_brand":[31],"product_cat":[20],"product_tag":[],"class_list":{"0":"post-678","1":"product","2":"type-product","3":"status-publish","4":"has-post-thumbnail","6":"product_brand-mikocandle","7":"product_cat-swiece-sojowe","8":"product_shipping_class-swiece","10":"first","11":"instock","12":"shipping-taxable","13":"purchasable","14":"product-type-simple"},"jetpack_sharing_enabled":true,"_links":{"self":[{"href":"https:\/\/www.mikoflower.com\/index.php\/wp-json\/wp\/v2\/product\/678","targetHints":{"allow":["GET"]}}],"collection":[{"href":"https:\/\/www.mikoflower.com\/index.php\/wp-json\/wp\/v2\/product"}],"about":[{"href":"https:\/\/www.mikoflower.com\/index.php\/wp-json\/wp\/v2\/types\/product"}],"replies":[{"embeddable":true,"href":"https:\/\/www.mikoflower.com\/index.php\/wp-json\/wp\/v2\/comments?post=678"}],"wp:featuredmedia":[{"embeddable":true,"href":"https:\/\/www.mikoflower.com\/index.php\/wp-json\/wp\/v2\/media\/680"}],"wp:attachment":[{"href":"https:\/\/www.mikoflower.com\/index.php\/wp-json\/wp\/v2\/media?parent=678"}],"wp:term":[{"taxonomy":"product_brand","embeddable":true,"href":"https:\/\/www.mikoflower.com\/index.php\/wp-json\/wp\/v2\/product_brand?post=678"},{"taxonomy":"product_cat","embeddable":true,"href":"https:\/\/www.mikoflower.com\/index.php\/wp-json\/wp\/v2\/product_cat?post=678"},{"taxonomy":"product_tag","embeddable":true,"href":"https:\/\/www.mikoflower.com\/index.php\/wp-json\/wp\/v2\/product_tag?post=678"}],"curies":[{"name":"wp","href":"https:\/\/api.w.org\/{rel}","templated":true}]}}