{"id":684,"date":"2026-04-21T11:05:31","date_gmt":"2026-04-21T11:05:31","guid":{"rendered":"https:\/\/www.mikoflower.com\/?post_type=product&#038;p=684"},"modified":"2026-04-22T05:56:42","modified_gmt":"2026-04-22T05:56:42","slug":"swieca-sojowa-jasmin-300g","status":"publish","type":"product","link":"https:\/\/www.mikoflower.com\/index.php\/produkt\/swieca-sojowa-jasmin-300g\/","title":{"rendered":"\u015awieca sojowa Ja\u015bmin 300g"},"content":{"rendered":"","protected":false},"excerpt":{"rendered":"<p>Ja\u015bmin <span data-sheets-root=\"1\">\u2013 \u015bwieca 300 g | czas palenia ok. 60 h<\/span><\/p>\n<div>\n<div>\n<div>\n<p>Od pierwszej chwili wybrzmiewa czysty, intensywny ja\u015bmin, kt\u00f3ry w sercu \u0142\u0105czy si\u0119 z delikatn\u0105 konwali\u0105, tworz\u0105c \u015bwie\u017c\u0105, kwiatow\u0105 kompozycj\u0119; ca\u0142o\u015b\u0107 mi\u0119kko dope\u0142nia kremowe ylang ylang, nadaj\u0105c zapachowi zmys\u0142owej g\u0142\u0119bi i subtelnego ciep\u0142a.<\/p>\n<p><span data-sheets-root=\"1\">\u015awieca trafia do Ciebie zapakowana w nasz oryginalny kartonik z zapa\u0142kami w \u015brodku.<\/span><\/p>\n<\/div>\n<\/div>\n<\/div>\n","protected":false},"featured_media":685,"comment_status":"open","ping_status":"closed","template":"","meta":[],"product_brand":[31],"product_cat":[20],"product_tag":[],"class_list":{"0":"post-684","1":"product","2":"type-product","3":"status-publish","4":"has-post-thumbnail","6":"product_brand-mikocandle","7":"product_cat-swiece-sojowe","8":"product_shipping_class-swiece","10":"first","11":"instock","12":"shipping-taxable","13":"purchasable","14":"product-type-simple"},"jetpack_sharing_enabled":true,"_links":{"self":[{"href":"https:\/\/www.mikoflower.com\/index.php\/wp-json\/wp\/v2\/product\/684","targetHints":{"allow":["GET"]}}],"collection":[{"href":"https:\/\/www.mikoflower.com\/index.php\/wp-json\/wp\/v2\/product"}],"about":[{"href":"https:\/\/www.mikoflower.com\/index.php\/wp-json\/wp\/v2\/types\/product"}],"replies":[{"embeddable":true,"href":"https:\/\/www.mikoflower.com\/index.php\/wp-json\/wp\/v2\/comments?post=684"}],"wp:featuredmedia":[{"embeddable":true,"href":"https:\/\/www.mikoflower.com\/index.php\/wp-json\/wp\/v2\/media\/685"}],"wp:attachment":[{"href":"https:\/\/www.mikoflower.com\/index.php\/wp-json\/wp\/v2\/media?parent=684"}],"wp:term":[{"taxonomy":"product_brand","embeddable":true,"href":"https:\/\/www.mikoflower.com\/index.php\/wp-json\/wp\/v2\/product_brand?post=684"},{"taxonomy":"product_cat","embeddable":true,"href":"https:\/\/www.mikoflower.com\/index.php\/wp-json\/wp\/v2\/product_cat?post=684"},{"taxonomy":"product_tag","embeddable":true,"href":"https:\/\/www.mikoflower.com\/index.php\/wp-json\/wp\/v2\/product_tag?post=684"}],"curies":[{"name":"wp","href":"https:\/\/api.w.org\/{rel}","templated":true}]}}