{"id":730,"date":"2026-04-22T09:09:22","date_gmt":"2026-04-22T09:09:22","guid":{"rendered":"https:\/\/www.mikoflower.com\/?post_type=product&#038;p=730"},"modified":"2026-04-22T09:44:19","modified_gmt":"2026-04-22T09:44:19","slug":"zestaw-prezentowy-black-for-men-kominek-woski-tealighty","status":"publish","type":"product","link":"https:\/\/www.mikoflower.com\/index.php\/produkt\/zestaw-prezentowy-black-for-men-kominek-woski-tealighty\/","title":{"rendered":"Zestaw prezentowy Black for men &#8211; kominek + woski + tealighty"},"content":{"rendered":"<p>Ten zestaw prezentowy to naturalna, pachn\u0105ca kompozycja przygotowana r\u0119cznie z dba\u0142o\u015bci\u0105 o ka\u017cdy detal. Sprawdzi si\u0119 zar\u00f3wno jako gotowy upominek, jak i ma\u0142a przyjemno\u015b\u0107 tylko dla siebie.<\/p>\n<p>W \u015brodku znajduje si\u0119 ceramiczny kominek do wosk\u00f3w o wymiarach 7,5 \u00d7 6,5 cm, sojowe woski zapachowe\u00a0<b>Black for men<\/b> o wadze 65 g, 2 sojowe tealighty bezzapachowe. Ca\u0142o\u015b\u0107 zapakowana jest w estetyczny, naturalny kartonik o wymiarach 16 \u00d7 11 \u00d7 7 cm.<\/p>\n<p><strong>UWAGA!<\/strong> Kominki dodawane s\u0105 losowo. Je\u015bli zale\u017cy Ci na konkretnym kolorze, wystarczy poda\u0107 t\u0119 informacj\u0119 w wiadomo\u015bci\u00a0 przy sk\u0142adaniu zam\u00f3wienia.<\/p>\n<p>To zestaw r\u0119cznie wykonany, naturalny i pe\u0142en zapachu, gotowy do wr\u0119czenia bez dodatkowego pakowania. Idealny prezent na r\u00f3\u017cne okazje, kt\u00f3ry wprowadza przyjemny klimat od pierwszego u\u017cycia.<\/p>\n","protected":false},"excerpt":{"rendered":"<p data-start=\"99\" data-end=\"242\"><strong data-start=\"99\" data-end=\"134\">Zestaw prezentowy Black For Men<\/strong> to gotowy pakiet z kominkiem, woskami sojowymi (65 g, czas palenia ok. 50\u201365 h) oraz 2 tealightami sojowymi.<\/p>\n<p data-start=\"244\" data-end=\"408\">G\u0142\u0119boki, drzewno-zio\u0142owy zapach szybko wype\u0142nia wn\u0119trze. Cytrusowa \u015bwie\u017co\u015b\u0107 \u0142\u0105czy si\u0119 z paczul\u0105, sanda\u0142owcem i mchem d\u0119bowym, tworz\u0105c elegancki, wyrazisty klimat.<\/p>\n<p data-start=\"410\" data-end=\"486\">Ca\u0142o\u015b\u0107 zapakowana w estetyczny kartonik \u2013 idealny na prezent lub dla siebie.<\/p>\n","protected":false},"featured_media":737,"comment_status":"open","ping_status":"closed","template":"","meta":[],"product_brand":[31],"product_cat":[20,26,24],"product_tag":[],"class_list":{"0":"post-730","1":"product","2":"type-product","3":"status-publish","4":"has-post-thumbnail","6":"product_brand-mikocandle","7":"product_cat-swiece-sojowe","8":"product_cat-upominki","9":"product_cat-woski-sojowe","10":"product_shipping_class-swiece","12":"first","13":"instock","14":"shipping-taxable","15":"purchasable","16":"product-type-simple"},"jetpack_sharing_enabled":true,"_links":{"self":[{"href":"https:\/\/www.mikoflower.com\/index.php\/wp-json\/wp\/v2\/product\/730","targetHints":{"allow":["GET"]}}],"collection":[{"href":"https:\/\/www.mikoflower.com\/index.php\/wp-json\/wp\/v2\/product"}],"about":[{"href":"https:\/\/www.mikoflower.com\/index.php\/wp-json\/wp\/v2\/types\/product"}],"replies":[{"embeddable":true,"href":"https:\/\/www.mikoflower.com\/index.php\/wp-json\/wp\/v2\/comments?post=730"}],"wp:featuredmedia":[{"embeddable":true,"href":"https:\/\/www.mikoflower.com\/index.php\/wp-json\/wp\/v2\/media\/737"}],"wp:attachment":[{"href":"https:\/\/www.mikoflower.com\/index.php\/wp-json\/wp\/v2\/media?parent=730"}],"wp:term":[{"taxonomy":"product_brand","embeddable":true,"href":"https:\/\/www.mikoflower.com\/index.php\/wp-json\/wp\/v2\/product_brand?post=730"},{"taxonomy":"product_cat","embeddable":true,"href":"https:\/\/www.mikoflower.com\/index.php\/wp-json\/wp\/v2\/product_cat?post=730"},{"taxonomy":"product_tag","embeddable":true,"href":"https:\/\/www.mikoflower.com\/index.php\/wp-json\/wp\/v2\/product_tag?post=730"}],"curies":[{"name":"wp","href":"https:\/\/api.w.org\/{rel}","templated":true}]}}