{"id":772,"date":"2026-05-05T08:57:25","date_gmt":"2026-05-05T08:57:25","guid":{"rendered":"https:\/\/www.mikoflower.com\/?post_type=product&#038;p=772"},"modified":"2026-05-05T08:59:46","modified_gmt":"2026-05-05T08:59:46","slug":"zestaw-prezentowy-smoked-cigars-n-old-whiskey-kominek-woski-tealighty","status":"publish","type":"product","link":"https:\/\/www.mikoflower.com\/index.php\/produkt\/zestaw-prezentowy-smoked-cigars-n-old-whiskey-kominek-woski-tealighty\/","title":{"rendered":"Zestaw prezentowy Smoked Cigars &#038;n Old Whiskey &#8211; kominek + woski + tealighty"},"content":{"rendered":"<p>Ten zestaw prezentowy to naturalna, pachn\u0105ca kompozycja przygotowana r\u0119cznie z dba\u0142o\u015bci\u0105 o ka\u017cdy detal. Sprawdzi si\u0119 zar\u00f3wno jako gotowy upominek, jak i ma\u0142a przyjemno\u015b\u0107 tylko dla siebie.<\/p>\n<p>W \u015brodku znajduje si\u0119 ceramiczny kominek do wosk\u00f3w o wymiarach 7,5 \u00d7 6,5 cm, sojowe woski zapachowe <strong data-start=\"99\" data-end=\"134\">Smoked Cigars &amp; Old Whiskey <\/strong>o wadze 65 g, 2 sojowe tealighty bezzapachowe. Ca\u0142o\u015b\u0107 zapakowana jest w estetyczny, naturalny kartonik o wymiarach 16 \u00d7 11 \u00d7 7 cm.<\/p>\n<p><strong>UWAGA!<\/strong> Kominki dodawane s\u0105 losowo. Je\u015bli zale\u017cy Ci na konkretnym kolorze, wystarczy poda\u0107 t\u0119 informacj\u0119 w wiadomo\u015bci\u00a0 przy sk\u0142adaniu zam\u00f3wienia.<\/p>\n<p>To zestaw r\u0119cznie wykonany, naturalny i pe\u0142en zapachu, gotowy do wr\u0119czenia bez dodatkowego pakowania. Idealny prezent na r\u00f3\u017cne okazje, kt\u00f3ry wprowadza przyjemny klimat od pierwszego u\u017cycia.<\/p>\n","protected":false},"excerpt":{"rendered":"<p><strong data-start=\"99\" data-end=\"134\">Zestaw prezentowy\u00a0 Smoked Cigars &amp; Old Whiskey <\/strong>to gotowy pakiet z kominkiem, woskami sojowymi (65 g, czas palenia ok. 50\u201365 h) oraz 2 tealightami sojowymi.<\/p>\n<p><span data-sheets-root=\"1\">Intensywny, dymny zapach z nut\u0105 tytoniu, drewna i starej whiskey, kt\u00f3ry szybko wype\u0142nia przestrze\u0144 g\u0142\u0119bokim, spokojnym aromatem. Delikatna wanilia i pi\u017cmo \u0142agodz\u0105 ca\u0142o\u015b\u0107, tworz\u0105c elegancki, wieczorowy klimat. Idealne woski na momenty wyciszenia i d\u0142ugie, spokojne wieczory.<\/span><\/p>\n<p>Ca\u0142o\u015b\u0107 zapakowana w estetyczny kartonik \u2013 idealny na prezent lub dla siebie.<\/p>\n","protected":false},"featured_media":773,"comment_status":"open","ping_status":"closed","template":"","meta":[],"product_brand":[31],"product_cat":[20,26],"product_tag":[],"class_list":{"0":"post-772","1":"product","2":"type-product","3":"status-publish","4":"has-post-thumbnail","6":"product_brand-mikocandle","7":"product_cat-swiece-sojowe","8":"product_cat-upominki","9":"product_shipping_class-swiece","11":"first","12":"instock","13":"shipping-taxable","14":"purchasable","15":"product-type-simple"},"jetpack_sharing_enabled":true,"_links":{"self":[{"href":"https:\/\/www.mikoflower.com\/index.php\/wp-json\/wp\/v2\/product\/772","targetHints":{"allow":["GET"]}}],"collection":[{"href":"https:\/\/www.mikoflower.com\/index.php\/wp-json\/wp\/v2\/product"}],"about":[{"href":"https:\/\/www.mikoflower.com\/index.php\/wp-json\/wp\/v2\/types\/product"}],"replies":[{"embeddable":true,"href":"https:\/\/www.mikoflower.com\/index.php\/wp-json\/wp\/v2\/comments?post=772"}],"wp:featuredmedia":[{"embeddable":true,"href":"https:\/\/www.mikoflower.com\/index.php\/wp-json\/wp\/v2\/media\/773"}],"wp:attachment":[{"href":"https:\/\/www.mikoflower.com\/index.php\/wp-json\/wp\/v2\/media?parent=772"}],"wp:term":[{"taxonomy":"product_brand","embeddable":true,"href":"https:\/\/www.mikoflower.com\/index.php\/wp-json\/wp\/v2\/product_brand?post=772"},{"taxonomy":"product_cat","embeddable":true,"href":"https:\/\/www.mikoflower.com\/index.php\/wp-json\/wp\/v2\/product_cat?post=772"},{"taxonomy":"product_tag","embeddable":true,"href":"https:\/\/www.mikoflower.com\/index.php\/wp-json\/wp\/v2\/product_tag?post=772"}],"curies":[{"name":"wp","href":"https:\/\/api.w.org\/{rel}","templated":true}]}}