{"id":776,"date":"2026-05-06T07:55:33","date_gmt":"2026-05-06T07:55:33","guid":{"rendered":"https:\/\/www.mikoflower.com\/?post_type=product&#038;p=776"},"modified":"2026-05-06T07:55:46","modified_gmt":"2026-05-06T07:55:46","slug":"zapalki-do-swiec-w-pudelku-19-szt","status":"publish","type":"product","link":"https:\/\/www.mikoflower.com\/index.php\/produkt\/zapalki-do-swiec-w-pudelku-19-szt\/","title":{"rendered":"Zapa\u0142ki do \u015bwiec w pude\u0142ku 19 szt."},"content":{"rendered":"","protected":false},"excerpt":{"rendered":"<p><strong>Zapa\u0142ki w pude\u0142ku \u2013 19 szt.<\/strong><br \/>\nPraktyczny dodatek do \u015bwiec i codziennego u\u017cytku. Klasyczne, wygodne w u\u017cyciu, zamkni\u0119te w estetycznym kartoniku, kt\u00f3ry dobrze wygl\u0105da i zawsze jest pod r\u0119k\u0105.<\/p>\n","protected":false},"featured_media":778,"comment_status":"open","ping_status":"closed","template":"","meta":[],"product_brand":[31],"product_cat":[32,20],"product_tag":[],"class_list":{"0":"post-776","1":"product","2":"type-product","3":"status-publish","4":"has-post-thumbnail","6":"product_brand-mikocandle","7":"product_cat-dodatki-do-swiec","8":"product_cat-swiece-sojowe","10":"first","11":"instock","12":"shipping-taxable","13":"purchasable","14":"product-type-simple"},"jetpack_sharing_enabled":true,"_links":{"self":[{"href":"https:\/\/www.mikoflower.com\/index.php\/wp-json\/wp\/v2\/product\/776","targetHints":{"allow":["GET"]}}],"collection":[{"href":"https:\/\/www.mikoflower.com\/index.php\/wp-json\/wp\/v2\/product"}],"about":[{"href":"https:\/\/www.mikoflower.com\/index.php\/wp-json\/wp\/v2\/types\/product"}],"replies":[{"embeddable":true,"href":"https:\/\/www.mikoflower.com\/index.php\/wp-json\/wp\/v2\/comments?post=776"}],"wp:featuredmedia":[{"embeddable":true,"href":"https:\/\/www.mikoflower.com\/index.php\/wp-json\/wp\/v2\/media\/778"}],"wp:attachment":[{"href":"https:\/\/www.mikoflower.com\/index.php\/wp-json\/wp\/v2\/media?parent=776"}],"wp:term":[{"taxonomy":"product_brand","embeddable":true,"href":"https:\/\/www.mikoflower.com\/index.php\/wp-json\/wp\/v2\/product_brand?post=776"},{"taxonomy":"product_cat","embeddable":true,"href":"https:\/\/www.mikoflower.com\/index.php\/wp-json\/wp\/v2\/product_cat?post=776"},{"taxonomy":"product_tag","embeddable":true,"href":"https:\/\/www.mikoflower.com\/index.php\/wp-json\/wp\/v2\/product_tag?post=776"}],"curies":[{"name":"wp","href":"https:\/\/api.w.org\/{rel}","templated":true}]}}