{"id":782,"date":"2026-05-06T08:05:14","date_gmt":"2026-05-06T08:05:14","guid":{"rendered":"https:\/\/www.mikoflower.com\/?post_type=product&#038;p=782"},"modified":"2026-05-06T08:05:14","modified_gmt":"2026-05-06T08:05:14","slug":"swieca-sojowa-dzien-matki-100g","status":"publish","type":"product","link":"https:\/\/www.mikoflower.com\/index.php\/produkt\/swieca-sojowa-dzien-matki-100g\/","title":{"rendered":"\u015awieca sojowa Dzie\u0144 Matki 100g"},"content":{"rendered":"","protected":false},"excerpt":{"rendered":"<p class=\"isSelectedEnd\">\u015awieca sojowa MikoCandle 100 g to ma\u0142y prezent z du\u017cym klimatem. Naturalny wosk sojowy, elegancki s\u0142oiczek i etykieta stworzona specjalnie na Dzie\u0144 Matki tworz\u0105 wyj\u0105tkowy upominek, kt\u00f3ry zostaje w pami\u0119ci na d\u0142u\u017cej.<\/p>\n<p>Czas palenia 20-25h.<\/p>\n<p class=\"isSelectedEnd\">Dost\u0119pne zapachy:<br \/>\n\u2022 Mr Dior \u2013 5 szt.<br \/>\n\u2022 Champagne Roses \u2013 2 szt.<br \/>\n\u2022 Strawberry Touch \u2013 2 szt.<\/p>\n<p>Ka\u017cda \u015bwieca wykonywana jest r\u0119cznie z dba\u0142o\u015bci\u0105 o ka\u017cdy detal. Idealna jako dodatek do kwiat\u00f3w, samodzielny prezent lub ma\u0142y gest prosto od serca.<\/p>\n","protected":false},"featured_media":783,"comment_status":"open","ping_status":"closed","template":"","meta":[],"product_brand":[31],"product_cat":[20],"product_tag":[],"class_list":{"0":"post-782","1":"product","2":"type-product","3":"status-publish","4":"has-post-thumbnail","6":"product_brand-mikocandle","7":"product_cat-swiece-sojowe","8":"product_shipping_class-swiece","10":"first","11":"instock","12":"shipping-taxable","13":"purchasable","14":"product-type-simple"},"jetpack_sharing_enabled":true,"_links":{"self":[{"href":"https:\/\/www.mikoflower.com\/index.php\/wp-json\/wp\/v2\/product\/782","targetHints":{"allow":["GET"]}}],"collection":[{"href":"https:\/\/www.mikoflower.com\/index.php\/wp-json\/wp\/v2\/product"}],"about":[{"href":"https:\/\/www.mikoflower.com\/index.php\/wp-json\/wp\/v2\/types\/product"}],"replies":[{"embeddable":true,"href":"https:\/\/www.mikoflower.com\/index.php\/wp-json\/wp\/v2\/comments?post=782"}],"wp:featuredmedia":[{"embeddable":true,"href":"https:\/\/www.mikoflower.com\/index.php\/wp-json\/wp\/v2\/media\/783"}],"wp:attachment":[{"href":"https:\/\/www.mikoflower.com\/index.php\/wp-json\/wp\/v2\/media?parent=782"}],"wp:term":[{"taxonomy":"product_brand","embeddable":true,"href":"https:\/\/www.mikoflower.com\/index.php\/wp-json\/wp\/v2\/product_brand?post=782"},{"taxonomy":"product_cat","embeddable":true,"href":"https:\/\/www.mikoflower.com\/index.php\/wp-json\/wp\/v2\/product_cat?post=782"},{"taxonomy":"product_tag","embeddable":true,"href":"https:\/\/www.mikoflower.com\/index.php\/wp-json\/wp\/v2\/product_tag?post=782"}],"curies":[{"name":"wp","href":"https:\/\/api.w.org\/{rel}","templated":true}]}}